{"id":927,"date":"2024-10-04T17:39:10","date_gmt":"2024-10-04T17:39:10","guid":{"rendered":"https:\/\/xn--annesmatldor-1cb.se\/?post_type=product&#038;p=927"},"modified":"2024-11-09T12:10:32","modified_gmt":"2024-11-09T12:10:32","slug":"lentils-soup-cod-fillet-basmati-rice","status":"publish","type":"product","link":"https:\/\/annesmatlador.se\/sv\/produkt\/lentils-soup-cod-fillet-basmati-rice\/","title":{"rendered":"Linssoppa med Torskfil\u00e9 och Basmatiris"},"content":{"rendered":"<p>Denna uts\u00f6kta r\u00e4tt best\u00e5r av en mustig linssoppa, berikad med en blandning av kryddor som skapar en varm och tr\u00f6stande bas. Soppan kompletteras med m\u00f6ra torskfil\u00e9er, perfekt tillagade f\u00f6r att bli h\u00e4rligt flakiga och tillf\u00f6ra en subtil smak av hav. Serverad tillsammans med en gener\u00f6s portion fluffigt basmatiris, d\u00e4r varje korn \u00e4r aromatiskt och l\u00e4tt, blir det en idealisk f\u00f6ljeslagare f\u00f6r att suga upp den smakrika buljongen. Tillsammans balanserar denna m\u00e5ltid protein, fiber och n\u00e4ringsrika ingredienser, vilket g\u00f6r den b\u00e5de m\u00e4ttande och h\u00e4lsosam.<\/p>","protected":false},"excerpt":{"rendered":"<p>Njut av en tr\u00f6stande linssoppa tillsammans med m\u00f6ra torskfil\u00e9er och fluffigt basmatiris. Denna r\u00e4tt kombinerar mustiga smaker och h\u00e4rliga texturer, och erbjuder en n\u00e4ringsrik och m\u00e4ttande m\u00e5ltid som v\u00e4rmer sj\u00e4len.<\/p>","protected":false},"featured_media":944,"comment_status":"open","ping_status":"closed","template":"","meta":[],"product_cat":[20],"product_tag":[],"days":[],"dish_type":[],"class_list":{"0":"post-927","1":"product","2":"type-product","3":"status-publish","4":"has-post-thumbnail","6":"product_cat-weekly-diet-food","8":"entry","9":"has-media","11":"first","12":"outofstock","13":"shipping-taxable","14":"product-type-variable-subscription","15":"col","16":"span_1_of_3","17":"owp-content-center","18":"owp-thumbs-layout-vertical","19":"owp-btn-normal","20":"owp-tabs-layout-horizontal","21":"has-no-thumbnails"},"acf":[],"yoast_head":"<!-- This site is optimized with the Yoast SEO plugin v23.4 - https:\/\/yoast.com\/wordpress\/plugins\/seo\/ -->\n<title>Lentils soup Cod fillet basmati rice - Annes Matl\u00e5dor<\/title>\n<meta name=\"robots\" content=\"index, follow, max-snippet:-1, max-image-preview:large, max-video-preview:-1\" \/>\n<link rel=\"canonical\" href=\"https:\/\/annesmatlador.se\/sv\/produkt\/lentils-soup-cod-fillet-basmati-rice\/\" \/>\n<meta property=\"og:locale\" content=\"sv_SE\" \/>\n<meta property=\"og:type\" content=\"article\" \/>\n<meta property=\"og:title\" content=\"Lentils soup Cod fillet basmati rice - Annes Matl\u00e5dor\" \/>\n<meta property=\"og:description\" content=\"Enjoy a comforting lentil soup paired with tender cod fillets and fluffy basmati rice. This dish combines hearty flavors and textures, offering a nutritious and satisfying meal that warms the soul.\" \/>\n<meta property=\"og:url\" content=\"https:\/\/annesmatlador.se\/sv\/produkt\/lentils-soup-cod-fillet-basmati-rice\/\" \/>\n<meta property=\"og:site_name\" content=\"Annes Matl\u00e5dor\" \/>\n<meta property=\"article:modified_time\" content=\"2024-11-09T12:10:32+00:00\" \/>\n<meta property=\"og:image\" content=\"https:\/\/annesmatlador.se\/wp-content\/uploads\/2024\/10\/Lentil-Soup-with-Cod-Fillet-and-Basmati-Rice.-week-41.webp\" \/>\n\t<meta property=\"og:image:width\" content=\"1024\" \/>\n\t<meta property=\"og:image:height\" content=\"1024\" \/>\n\t<meta property=\"og:image:type\" content=\"image\/webp\" \/>\n<meta name=\"twitter:card\" content=\"summary_large_image\" \/>\n<meta name=\"twitter:label1\" content=\"Ber\u00e4knad l\u00e4stid\" \/>\n\t<meta name=\"twitter:data1\" content=\"1 minut\" \/>\n<script type=\"application\/ld+json\" class=\"yoast-schema-graph\">{\"@context\":\"https:\/\/schema.org\",\"@graph\":[{\"@type\":\"WebPage\",\"@id\":\"https:\/\/annesmatlador.se\/product\/lentils-soup-cod-fillet-basmati-rice\/\",\"url\":\"https:\/\/annesmatlador.se\/product\/lentils-soup-cod-fillet-basmati-rice\/\",\"name\":\"Lentils soup Cod fillet basmati rice - Annes Matl\u00e5dor\",\"isPartOf\":{\"@id\":\"https:\/\/annesmatlador.se\/#website\"},\"primaryImageOfPage\":{\"@id\":\"https:\/\/annesmatlador.se\/product\/lentils-soup-cod-fillet-basmati-rice\/#primaryimage\"},\"image\":{\"@id\":\"https:\/\/annesmatlador.se\/product\/lentils-soup-cod-fillet-basmati-rice\/#primaryimage\"},\"thumbnailUrl\":\"https:\/\/annesmatlador.se\/wp-content\/uploads\/2024\/10\/Lentil-Soup-with-Cod-Fillet-and-Basmati-Rice.-week-41.webp\",\"datePublished\":\"2024-10-04T17:39:10+00:00\",\"dateModified\":\"2024-11-09T12:10:32+00:00\",\"breadcrumb\":{\"@id\":\"https:\/\/annesmatlador.se\/product\/lentils-soup-cod-fillet-basmati-rice\/#breadcrumb\"},\"inLanguage\":\"sv-SE\",\"potentialAction\":[{\"@type\":\"ReadAction\",\"target\":[\"https:\/\/annesmatlador.se\/product\/lentils-soup-cod-fillet-basmati-rice\/\"]}]},{\"@type\":\"ImageObject\",\"inLanguage\":\"sv-SE\",\"@id\":\"https:\/\/annesmatlador.se\/product\/lentils-soup-cod-fillet-basmati-rice\/#primaryimage\",\"url\":\"https:\/\/annesmatlador.se\/wp-content\/uploads\/2024\/10\/Lentil-Soup-with-Cod-Fillet-and-Basmati-Rice.-week-41.webp\",\"contentUrl\":\"https:\/\/annesmatlador.se\/wp-content\/uploads\/2024\/10\/Lentil-Soup-with-Cod-Fillet-and-Basmati-Rice.-week-41.webp\",\"width\":1024,\"height\":1024},{\"@type\":\"BreadcrumbList\",\"@id\":\"https:\/\/annesmatlador.se\/product\/lentils-soup-cod-fillet-basmati-rice\/#breadcrumb\",\"itemListElement\":[{\"@type\":\"ListItem\",\"position\":1,\"name\":\"Home\",\"item\":\"https:\/\/annesmatlador.se\/\"},{\"@type\":\"ListItem\",\"position\":2,\"name\":\"Shop\",\"item\":\"https:\/\/annesmatlador.se\/shop\/\"},{\"@type\":\"ListItem\",\"position\":3,\"name\":\"Lentils soup Cod fillet basmati rice\"}]},{\"@type\":\"WebSite\",\"@id\":\"https:\/\/annesmatlador.se\/#website\",\"url\":\"https:\/\/annesmatlador.se\/\",\"name\":\"Zaki\",\"description\":\"\u201cYour homely needs, just a click away\u201d\",\"publisher\":{\"@id\":\"https:\/\/annesmatlador.se\/#organization\"},\"potentialAction\":[{\"@type\":\"SearchAction\",\"target\":{\"@type\":\"EntryPoint\",\"urlTemplate\":\"https:\/\/annesmatlador.se\/?s={search_term_string}\"},\"query-input\":{\"@type\":\"PropertyValueSpecification\",\"valueRequired\":true,\"valueName\":\"search_term_string\"}}],\"inLanguage\":\"sv-SE\"},{\"@type\":\"Organization\",\"@id\":\"https:\/\/annesmatlador.se\/#organization\",\"name\":\"Zaki\",\"url\":\"https:\/\/annesmatlador.se\/\",\"logo\":{\"@type\":\"ImageObject\",\"inLanguage\":\"sv-SE\",\"@id\":\"https:\/\/annesmatlador.se\/#\/schema\/logo\/image\/\",\"url\":\"https:\/\/annesmatlador.se\/wp-content\/uploads\/2024\/07\/ANNES.png\",\"contentUrl\":\"https:\/\/annesmatlador.se\/wp-content\/uploads\/2024\/07\/ANNES.png\",\"width\":1462,\"height\":1621,\"caption\":\"Zaki\"},\"image\":{\"@id\":\"https:\/\/annesmatlador.se\/#\/schema\/logo\/image\/\"}}]}<\/script>\n<!-- \/ Yoast SEO plugin. -->","yoast_head_json":{"title":"Lentils soup Cod fillet basmati rice - Annes Matl\u00e5dor","robots":{"index":"index","follow":"follow","max-snippet":"max-snippet:-1","max-image-preview":"max-image-preview:large","max-video-preview":"max-video-preview:-1"},"canonical":"https:\/\/annesmatlador.se\/sv\/produkt\/lentils-soup-cod-fillet-basmati-rice\/","og_locale":"sv_SE","og_type":"article","og_title":"Lentils soup Cod fillet basmati rice - Annes Matl\u00e5dor","og_description":"Enjoy a comforting lentil soup paired with tender cod fillets and fluffy basmati rice. This dish combines hearty flavors and textures, offering a nutritious and satisfying meal that warms the soul.","og_url":"https:\/\/annesmatlador.se\/sv\/produkt\/lentils-soup-cod-fillet-basmati-rice\/","og_site_name":"Annes Matl\u00e5dor","article_modified_time":"2024-11-09T12:10:32+00:00","og_image":[{"width":1024,"height":1024,"url":"https:\/\/annesmatlador.se\/wp-content\/uploads\/2024\/10\/Lentil-Soup-with-Cod-Fillet-and-Basmati-Rice.-week-41.webp","type":"image\/webp"}],"twitter_card":"summary_large_image","twitter_misc":{"Ber\u00e4knad l\u00e4stid":"1 minut"},"schema":{"@context":"https:\/\/schema.org","@graph":[{"@type":"WebPage","@id":"https:\/\/annesmatlador.se\/product\/lentils-soup-cod-fillet-basmati-rice\/","url":"https:\/\/annesmatlador.se\/product\/lentils-soup-cod-fillet-basmati-rice\/","name":"Lentils soup Cod fillet basmati rice - Annes Matl\u00e5dor","isPartOf":{"@id":"https:\/\/annesmatlador.se\/#website"},"primaryImageOfPage":{"@id":"https:\/\/annesmatlador.se\/product\/lentils-soup-cod-fillet-basmati-rice\/#primaryimage"},"image":{"@id":"https:\/\/annesmatlador.se\/product\/lentils-soup-cod-fillet-basmati-rice\/#primaryimage"},"thumbnailUrl":"https:\/\/annesmatlador.se\/wp-content\/uploads\/2024\/10\/Lentil-Soup-with-Cod-Fillet-and-Basmati-Rice.-week-41.webp","datePublished":"2024-10-04T17:39:10+00:00","dateModified":"2024-11-09T12:10:32+00:00","breadcrumb":{"@id":"https:\/\/annesmatlador.se\/product\/lentils-soup-cod-fillet-basmati-rice\/#breadcrumb"},"inLanguage":"sv-SE","potentialAction":[{"@type":"ReadAction","target":["https:\/\/annesmatlador.se\/product\/lentils-soup-cod-fillet-basmati-rice\/"]}]},{"@type":"ImageObject","inLanguage":"sv-SE","@id":"https:\/\/annesmatlador.se\/product\/lentils-soup-cod-fillet-basmati-rice\/#primaryimage","url":"https:\/\/annesmatlador.se\/wp-content\/uploads\/2024\/10\/Lentil-Soup-with-Cod-Fillet-and-Basmati-Rice.-week-41.webp","contentUrl":"https:\/\/annesmatlador.se\/wp-content\/uploads\/2024\/10\/Lentil-Soup-with-Cod-Fillet-and-Basmati-Rice.-week-41.webp","width":1024,"height":1024},{"@type":"BreadcrumbList","@id":"https:\/\/annesmatlador.se\/product\/lentils-soup-cod-fillet-basmati-rice\/#breadcrumb","itemListElement":[{"@type":"ListItem","position":1,"name":"Home","item":"https:\/\/annesmatlador.se\/"},{"@type":"ListItem","position":2,"name":"Shop","item":"https:\/\/annesmatlador.se\/shop\/"},{"@type":"ListItem","position":3,"name":"Lentils soup Cod fillet basmati rice"}]},{"@type":"WebSite","@id":"https:\/\/annesmatlador.se\/#website","url":"https:\/\/annesmatlador.se\/","name":"Zaki","description":"\u201cYour homely needs, just a click away\u201d","publisher":{"@id":"https:\/\/annesmatlador.se\/#organization"},"potentialAction":[{"@type":"SearchAction","target":{"@type":"EntryPoint","urlTemplate":"https:\/\/annesmatlador.se\/?s={search_term_string}"},"query-input":{"@type":"PropertyValueSpecification","valueRequired":true,"valueName":"search_term_string"}}],"inLanguage":"sv-SE"},{"@type":"Organization","@id":"https:\/\/annesmatlador.se\/#organization","name":"Zaki","url":"https:\/\/annesmatlador.se\/","logo":{"@type":"ImageObject","inLanguage":"sv-SE","@id":"https:\/\/annesmatlador.se\/#\/schema\/logo\/image\/","url":"https:\/\/annesmatlador.se\/wp-content\/uploads\/2024\/07\/ANNES.png","contentUrl":"https:\/\/annesmatlador.se\/wp-content\/uploads\/2024\/07\/ANNES.png","width":1462,"height":1621,"caption":"Zaki"},"image":{"@id":"https:\/\/annesmatlador.se\/#\/schema\/logo\/image\/"}}]}},"_links":{"self":[{"href":"https:\/\/annesmatlador.se\/sv\/wp-json\/wp\/v2\/product\/927"}],"collection":[{"href":"https:\/\/annesmatlador.se\/sv\/wp-json\/wp\/v2\/product"}],"about":[{"href":"https:\/\/annesmatlador.se\/sv\/wp-json\/wp\/v2\/types\/product"}],"replies":[{"embeddable":true,"href":"https:\/\/annesmatlador.se\/sv\/wp-json\/wp\/v2\/comments?post=927"}],"wp:featuredmedia":[{"embeddable":true,"href":"https:\/\/annesmatlador.se\/sv\/wp-json\/wp\/v2\/media\/944"}],"wp:attachment":[{"href":"https:\/\/annesmatlador.se\/sv\/wp-json\/wp\/v2\/media?parent=927"}],"wp:term":[{"taxonomy":"product_cat","embeddable":true,"href":"https:\/\/annesmatlador.se\/sv\/wp-json\/wp\/v2\/product_cat?post=927"},{"taxonomy":"product_tag","embeddable":true,"href":"https:\/\/annesmatlador.se\/sv\/wp-json\/wp\/v2\/product_tag?post=927"},{"taxonomy":"days","embeddable":true,"href":"https:\/\/annesmatlador.se\/sv\/wp-json\/wp\/v2\/days?post=927"},{"taxonomy":"dish_type","embeddable":true,"href":"https:\/\/annesmatlador.se\/sv\/wp-json\/wp\/v2\/dish_type?post=927"}],"curies":[{"name":"wp","href":"https:\/\/api.w.org\/{rel}","templated":true}]}}