{"id":920,"date":"2024-10-04T16:27:16","date_gmt":"2024-10-04T16:27:16","guid":{"rendered":"https:\/\/xn--annesmatldor-1cb.se\/?post_type=product&#038;p=920"},"modified":"2024-11-09T12:09:54","modified_gmt":"2024-11-09T12:09:54","slug":"meat-and-vegetables-pudding-potatoes-pure","status":"publish","type":"product","link":"https:\/\/annesmatlador.se\/sv\/produkt\/meat-and-vegetables-pudding-potatoes-pure\/","title":{"rendered":"K\u00f6tt- och Gr\u00f6nsakspudding med Potatispur\u00e9"},"content":{"rendered":"<p>Njut av v\u00e5r K\u00f6tt- och Gr\u00f6nsakspudding med Potatispur\u00e9, en tr\u00f6stande och m\u00e4ttande r\u00e4tt som f\u00f6renar m\u00f6ra k\u00f6ttsorter och f\u00e4rgstarka gr\u00f6nsaker i en ljuvligt kr\u00e4mig bas. Denna smakrika pudding \u00e4r tillagad med en blandning av kryddad k\u00f6ttf\u00e4rs, som n\u00f6t eller lamm, kombinerad med en f\u00e4rgglad mix av gr\u00f6nsaker som mor\u00f6tter, \u00e4rtor och l\u00f6k, allt sjudna till perfektion. Blandningen bakas sedan tills en gyllene skorpa bildas, vilket lyfter fram smakerna. Serverad med sammetslen potatispur\u00e9, erbjuder denna r\u00e4tt en h\u00e4rlig kontrast, d\u00e4r varje tugga blir en tillfredsst\u00e4llande upplevelse. Perfekt f\u00f6r mysiga familjemiddagar eller speciella sammankomster, kommer denna v\u00e4rmande pudding garanterat att gl\u00e4dja b\u00e5de hj\u00e4rta och smakl\u00f6kar.<\/p>","protected":false},"excerpt":{"rendered":"<p>Njut av v\u00e5r K\u00f6tt- och Gr\u00f6nsakspudding med Potatispur\u00e9, med kryddad k\u00f6ttf\u00e4rs och en blandning av gr\u00f6nsaker bakade till perfektion. Serverad med kr\u00e4mig potatispur\u00e9, \u00e4r denna m\u00e4ttande r\u00e4tt ett tr\u00f6stande alternativ f\u00f6r alla m\u00e5ltider!<\/p>","protected":false},"featured_media":941,"comment_status":"open","ping_status":"closed","template":"","meta":[],"product_cat":[20],"product_tag":[],"days":[],"dish_type":[],"class_list":{"0":"post-920","1":"product","2":"type-product","3":"status-publish","4":"has-post-thumbnail","6":"product_cat-weekly-diet-food","8":"entry","9":"has-media","11":"first","12":"instock","13":"sale","14":"shipping-taxable","15":"purchasable","16":"product-type-simple","17":"col","18":"span_1_of_3","19":"owp-content-center","20":"owp-thumbs-layout-vertical","21":"owp-btn-normal","22":"owp-tabs-layout-horizontal","23":"has-no-thumbnails"},"acf":[],"yoast_head":"<!-- This site is optimized with the Yoast SEO plugin v23.4 - https:\/\/yoast.com\/wordpress\/plugins\/seo\/ -->\n<title>Meat and Vegetables Pudding, Potatoes pure\u00b4 - Annes Matl\u00e5dor<\/title>\n<meta name=\"robots\" content=\"index, follow, max-snippet:-1, max-image-preview:large, max-video-preview:-1\" \/>\n<link rel=\"canonical\" href=\"https:\/\/annesmatlador.se\/sv\/produkt\/meat-and-vegetables-pudding-potatoes-pure\/\" \/>\n<meta property=\"og:locale\" content=\"sv_SE\" \/>\n<meta property=\"og:type\" content=\"article\" \/>\n<meta property=\"og:title\" content=\"Meat and Vegetables Pudding, Potatoes pure\u00b4 - Annes Matl\u00e5dor\" \/>\n<meta property=\"og:description\" content=\"Enjoy our Meat and Vegetables Pudding with Potato Pur\u00e9e, featuring seasoned ground meat and a medley of vegetables baked to perfection. Served with creamy potato pur\u00e9e, this hearty dish is a comforting option for any meal!\" \/>\n<meta property=\"og:url\" content=\"https:\/\/annesmatlador.se\/sv\/produkt\/meat-and-vegetables-pudding-potatoes-pure\/\" \/>\n<meta property=\"og:site_name\" content=\"Annes Matl\u00e5dor\" \/>\n<meta property=\"article:modified_time\" content=\"2024-11-09T12:09:54+00:00\" \/>\n<meta property=\"og:image\" content=\"https:\/\/annesmatlador.se\/wp-content\/uploads\/2024\/10\/Meat-and-Vegetables-Pudding-with-Potato-Puree-week-41.webp\" \/>\n\t<meta property=\"og:image:width\" content=\"1024\" \/>\n\t<meta property=\"og:image:height\" content=\"1024\" \/>\n\t<meta property=\"og:image:type\" content=\"image\/webp\" \/>\n<meta name=\"twitter:card\" content=\"summary_large_image\" \/>\n<meta name=\"twitter:label1\" content=\"Ber\u00e4knad l\u00e4stid\" \/>\n\t<meta name=\"twitter:data1\" content=\"1 minut\" \/>\n<script type=\"application\/ld+json\" class=\"yoast-schema-graph\">{\"@context\":\"https:\/\/schema.org\",\"@graph\":[{\"@type\":\"WebPage\",\"@id\":\"https:\/\/annesmatlador.se\/sv\/produkt\/meat-and-vegetables-pudding-potatoes-pure\/\",\"url\":\"https:\/\/annesmatlador.se\/sv\/produkt\/meat-and-vegetables-pudding-potatoes-pure\/\",\"name\":\"Meat and Vegetables Pudding, Potatoes pure\u00b4 - Annes Matl\u00e5dor\",\"isPartOf\":{\"@id\":\"https:\/\/annesmatlador.se\/#website\"},\"primaryImageOfPage\":{\"@id\":\"https:\/\/annesmatlador.se\/sv\/produkt\/meat-and-vegetables-pudding-potatoes-pure\/#primaryimage\"},\"image\":{\"@id\":\"https:\/\/annesmatlador.se\/sv\/produkt\/meat-and-vegetables-pudding-potatoes-pure\/#primaryimage\"},\"thumbnailUrl\":\"https:\/\/annesmatlador.se\/wp-content\/uploads\/2024\/10\/Meat-and-Vegetables-Pudding-with-Potato-Puree-week-41.webp\",\"datePublished\":\"2024-10-04T16:27:16+00:00\",\"dateModified\":\"2024-11-09T12:09:54+00:00\",\"breadcrumb\":{\"@id\":\"https:\/\/annesmatlador.se\/sv\/produkt\/meat-and-vegetables-pudding-potatoes-pure\/#breadcrumb\"},\"inLanguage\":\"sv-SE\",\"potentialAction\":[{\"@type\":\"ReadAction\",\"target\":[\"https:\/\/annesmatlador.se\/sv\/produkt\/meat-and-vegetables-pudding-potatoes-pure\/\"]}]},{\"@type\":\"ImageObject\",\"inLanguage\":\"sv-SE\",\"@id\":\"https:\/\/annesmatlador.se\/sv\/produkt\/meat-and-vegetables-pudding-potatoes-pure\/#primaryimage\",\"url\":\"https:\/\/annesmatlador.se\/wp-content\/uploads\/2024\/10\/Meat-and-Vegetables-Pudding-with-Potato-Puree-week-41.webp\",\"contentUrl\":\"https:\/\/annesmatlador.se\/wp-content\/uploads\/2024\/10\/Meat-and-Vegetables-Pudding-with-Potato-Puree-week-41.webp\",\"width\":1024,\"height\":1024},{\"@type\":\"BreadcrumbList\",\"@id\":\"https:\/\/annesmatlador.se\/sv\/produkt\/meat-and-vegetables-pudding-potatoes-pure\/#breadcrumb\",\"itemListElement\":[{\"@type\":\"ListItem\",\"position\":1,\"name\":\"Home\",\"item\":\"https:\/\/annesmatlador.se\/\"},{\"@type\":\"ListItem\",\"position\":2,\"name\":\"Shop\",\"item\":\"https:\/\/annesmatlador.se\/shop\/\"},{\"@type\":\"ListItem\",\"position\":3,\"name\":\"Meat and Vegetables Pudding, Potatoes pure\u00b4\"}]},{\"@type\":\"WebSite\",\"@id\":\"https:\/\/annesmatlador.se\/#website\",\"url\":\"https:\/\/annesmatlador.se\/\",\"name\":\"Zaki\",\"description\":\"\u201cYour homely needs, just a click away\u201d\",\"publisher\":{\"@id\":\"https:\/\/annesmatlador.se\/#organization\"},\"potentialAction\":[{\"@type\":\"SearchAction\",\"target\":{\"@type\":\"EntryPoint\",\"urlTemplate\":\"https:\/\/annesmatlador.se\/?s={search_term_string}\"},\"query-input\":{\"@type\":\"PropertyValueSpecification\",\"valueRequired\":true,\"valueName\":\"search_term_string\"}}],\"inLanguage\":\"sv-SE\"},{\"@type\":\"Organization\",\"@id\":\"https:\/\/annesmatlador.se\/#organization\",\"name\":\"Zaki\",\"url\":\"https:\/\/annesmatlador.se\/\",\"logo\":{\"@type\":\"ImageObject\",\"inLanguage\":\"sv-SE\",\"@id\":\"https:\/\/annesmatlador.se\/#\/schema\/logo\/image\/\",\"url\":\"https:\/\/annesmatlador.se\/wp-content\/uploads\/2024\/07\/ANNES.png\",\"contentUrl\":\"https:\/\/annesmatlador.se\/wp-content\/uploads\/2024\/07\/ANNES.png\",\"width\":1462,\"height\":1621,\"caption\":\"Zaki\"},\"image\":{\"@id\":\"https:\/\/annesmatlador.se\/#\/schema\/logo\/image\/\"}}]}<\/script>\n<!-- \/ Yoast SEO plugin. -->","yoast_head_json":{"title":"Meat and Vegetables Pudding, Potatoes pure\u00b4 - Annes Matl\u00e5dor","robots":{"index":"index","follow":"follow","max-snippet":"max-snippet:-1","max-image-preview":"max-image-preview:large","max-video-preview":"max-video-preview:-1"},"canonical":"https:\/\/annesmatlador.se\/sv\/produkt\/meat-and-vegetables-pudding-potatoes-pure\/","og_locale":"sv_SE","og_type":"article","og_title":"Meat and Vegetables Pudding, Potatoes pure\u00b4 - Annes Matl\u00e5dor","og_description":"Enjoy our Meat and Vegetables Pudding with Potato Pur\u00e9e, featuring seasoned ground meat and a medley of vegetables baked to perfection. Served with creamy potato pur\u00e9e, this hearty dish is a comforting option for any meal!","og_url":"https:\/\/annesmatlador.se\/sv\/produkt\/meat-and-vegetables-pudding-potatoes-pure\/","og_site_name":"Annes Matl\u00e5dor","article_modified_time":"2024-11-09T12:09:54+00:00","og_image":[{"width":1024,"height":1024,"url":"https:\/\/annesmatlador.se\/wp-content\/uploads\/2024\/10\/Meat-and-Vegetables-Pudding-with-Potato-Puree-week-41.webp","type":"image\/webp"}],"twitter_card":"summary_large_image","twitter_misc":{"Ber\u00e4knad l\u00e4stid":"1 minut"},"schema":{"@context":"https:\/\/schema.org","@graph":[{"@type":"WebPage","@id":"https:\/\/annesmatlador.se\/sv\/produkt\/meat-and-vegetables-pudding-potatoes-pure\/","url":"https:\/\/annesmatlador.se\/sv\/produkt\/meat-and-vegetables-pudding-potatoes-pure\/","name":"Meat and Vegetables Pudding, Potatoes pure\u00b4 - Annes Matl\u00e5dor","isPartOf":{"@id":"https:\/\/annesmatlador.se\/#website"},"primaryImageOfPage":{"@id":"https:\/\/annesmatlador.se\/sv\/produkt\/meat-and-vegetables-pudding-potatoes-pure\/#primaryimage"},"image":{"@id":"https:\/\/annesmatlador.se\/sv\/produkt\/meat-and-vegetables-pudding-potatoes-pure\/#primaryimage"},"thumbnailUrl":"https:\/\/annesmatlador.se\/wp-content\/uploads\/2024\/10\/Meat-and-Vegetables-Pudding-with-Potato-Puree-week-41.webp","datePublished":"2024-10-04T16:27:16+00:00","dateModified":"2024-11-09T12:09:54+00:00","breadcrumb":{"@id":"https:\/\/annesmatlador.se\/sv\/produkt\/meat-and-vegetables-pudding-potatoes-pure\/#breadcrumb"},"inLanguage":"sv-SE","potentialAction":[{"@type":"ReadAction","target":["https:\/\/annesmatlador.se\/sv\/produkt\/meat-and-vegetables-pudding-potatoes-pure\/"]}]},{"@type":"ImageObject","inLanguage":"sv-SE","@id":"https:\/\/annesmatlador.se\/sv\/produkt\/meat-and-vegetables-pudding-potatoes-pure\/#primaryimage","url":"https:\/\/annesmatlador.se\/wp-content\/uploads\/2024\/10\/Meat-and-Vegetables-Pudding-with-Potato-Puree-week-41.webp","contentUrl":"https:\/\/annesmatlador.se\/wp-content\/uploads\/2024\/10\/Meat-and-Vegetables-Pudding-with-Potato-Puree-week-41.webp","width":1024,"height":1024},{"@type":"BreadcrumbList","@id":"https:\/\/annesmatlador.se\/sv\/produkt\/meat-and-vegetables-pudding-potatoes-pure\/#breadcrumb","itemListElement":[{"@type":"ListItem","position":1,"name":"Home","item":"https:\/\/annesmatlador.se\/"},{"@type":"ListItem","position":2,"name":"Shop","item":"https:\/\/annesmatlador.se\/shop\/"},{"@type":"ListItem","position":3,"name":"Meat and Vegetables Pudding, Potatoes pure\u00b4"}]},{"@type":"WebSite","@id":"https:\/\/annesmatlador.se\/#website","url":"https:\/\/annesmatlador.se\/","name":"Zaki","description":"\u201cYour homely needs, just a click away\u201d","publisher":{"@id":"https:\/\/annesmatlador.se\/#organization"},"potentialAction":[{"@type":"SearchAction","target":{"@type":"EntryPoint","urlTemplate":"https:\/\/annesmatlador.se\/?s={search_term_string}"},"query-input":{"@type":"PropertyValueSpecification","valueRequired":true,"valueName":"search_term_string"}}],"inLanguage":"sv-SE"},{"@type":"Organization","@id":"https:\/\/annesmatlador.se\/#organization","name":"Zaki","url":"https:\/\/annesmatlador.se\/","logo":{"@type":"ImageObject","inLanguage":"sv-SE","@id":"https:\/\/annesmatlador.se\/#\/schema\/logo\/image\/","url":"https:\/\/annesmatlador.se\/wp-content\/uploads\/2024\/07\/ANNES.png","contentUrl":"https:\/\/annesmatlador.se\/wp-content\/uploads\/2024\/07\/ANNES.png","width":1462,"height":1621,"caption":"Zaki"},"image":{"@id":"https:\/\/annesmatlador.se\/#\/schema\/logo\/image\/"}}]}},"_links":{"self":[{"href":"https:\/\/annesmatlador.se\/sv\/wp-json\/wp\/v2\/product\/920"}],"collection":[{"href":"https:\/\/annesmatlador.se\/sv\/wp-json\/wp\/v2\/product"}],"about":[{"href":"https:\/\/annesmatlador.se\/sv\/wp-json\/wp\/v2\/types\/product"}],"replies":[{"embeddable":true,"href":"https:\/\/annesmatlador.se\/sv\/wp-json\/wp\/v2\/comments?post=920"}],"wp:featuredmedia":[{"embeddable":true,"href":"https:\/\/annesmatlador.se\/sv\/wp-json\/wp\/v2\/media\/941"}],"wp:attachment":[{"href":"https:\/\/annesmatlador.se\/sv\/wp-json\/wp\/v2\/media?parent=920"}],"wp:term":[{"taxonomy":"product_cat","embeddable":true,"href":"https:\/\/annesmatlador.se\/sv\/wp-json\/wp\/v2\/product_cat?post=920"},{"taxonomy":"product_tag","embeddable":true,"href":"https:\/\/annesmatlador.se\/sv\/wp-json\/wp\/v2\/product_tag?post=920"},{"taxonomy":"days","embeddable":true,"href":"https:\/\/annesmatlador.se\/sv\/wp-json\/wp\/v2\/days?post=920"},{"taxonomy":"dish_type","embeddable":true,"href":"https:\/\/annesmatlador.se\/sv\/wp-json\/wp\/v2\/dish_type?post=920"}],"curies":[{"name":"wp","href":"https:\/\/api.w.org\/{rel}","templated":true}]}}