{"id":912,"date":"2024-10-04T12:40:16","date_gmt":"2024-10-04T12:40:16","guid":{"rendered":"https:\/\/xn--annesmatldor-1cb.se\/?post_type=product&#038;p=912"},"modified":"2024-11-22T16:58:08","modified_gmt":"2024-11-22T16:58:08","slug":"chickpeas-soup-with-chickpease","status":"publish","type":"product","link":"https:\/\/annesmatlador.se\/sv\/produkt\/chickpeas-soup-with-chickpease\/","title":{"rendered":"Kik\u00e4rtssoppa med gr\u00f6nsaker"},"content":{"rendered":"<p>V\u00e4rm dig med v\u00e5r Kik\u00e4rtssoppa, en m\u00e4ttande och smakrik r\u00e4tt som lyfter fram kik\u00e4rtornas m\u00e5ngsidighet p\u00e5 ett uts\u00f6kt och tr\u00f6stande s\u00e4tt. Denna soppa inneh\u00e5ller en rik, aromatisk buljong infuserad med vitl\u00f6k, l\u00f6k och en blandning av kryddor, vilket skapar en smakrik bas. M\u00f6ra kik\u00e4rtor st\u00e5r i centrum och tillf\u00f6r en kr\u00e4mig textur och jordig smak. Med tillsats av f\u00e4rska gr\u00f6nsaker som mor\u00f6tter, selleri och spenat, \u00e4r varje sked full av n\u00e4ring och livliga f\u00e4rger. Perfekt kryddad och sjuden till perfektion \u00e4r denna soppa b\u00e5de tillfredsst\u00e4llande och n\u00e4ringsrik, vilket g\u00f6r den till ett utm\u00e4rkt val f\u00f6r en mysig m\u00e5ltid eller en h\u00e4lsosam f\u00f6rr\u00e4tt. Garnerad med ett st\u00e4nk f\u00e4rska \u00f6rter, \u00e4r det en h\u00e4rlig r\u00e4tt som v\u00e4rmer sj\u00e4len.<\/p>","protected":false},"excerpt":{"rendered":"<p>Njut av v\u00e5r Kik\u00e4rtssoppa, med m\u00f6ra kik\u00e4rtor i en rik, aromatisk buljong tillsammans med f\u00e4rska gr\u00f6nsaker och kryddor. Denna m\u00e4ttande och n\u00e4ringsrika r\u00e4tt \u00e4r perfekt f\u00f6r en mysig m\u00e5ltid och erbjuder en h\u00e4rlig blandning av smaker och komfort i varje sk\u00e5l!<\/p>","protected":false},"featured_media":939,"comment_status":"open","ping_status":"closed","template":"","meta":[],"product_cat":[67,73,20],"product_tag":[],"days":[58],"dish_type":[64,63],"class_list":{"0":"post-912","1":"product","2":"type-product","3":"status-publish","4":"has-post-thumbnail","6":"product_cat-week-2","7":"product_cat-thursday-week-2","8":"product_cat-weekly-diet-food","9":"days-thursday","10":"dish_type-dinner","11":"dish_type-lunch","13":"entry","14":"has-media","16":"first","17":"instock","18":"shipping-taxable","19":"purchasable","20":"product-type-simple","21":"col","22":"span_1_of_3","23":"owp-content-center","24":"owp-thumbs-layout-vertical","25":"owp-btn-normal","26":"owp-tabs-layout-horizontal","27":"has-no-thumbnails"},"acf":[],"yoast_head":"<!-- This site is optimized with the Yoast SEO plugin v23.4 - https:\/\/yoast.com\/wordpress\/plugins\/seo\/ -->\n<title>Chickpeas Soup with vegetables - Annes Matl\u00e5dor<\/title>\n<meta name=\"robots\" content=\"index, follow, max-snippet:-1, max-image-preview:large, max-video-preview:-1\" \/>\n<link rel=\"canonical\" href=\"https:\/\/annesmatlador.se\/sv\/produkt\/chickpeas-soup-with-chickpease\/\" \/>\n<meta property=\"og:locale\" content=\"sv_SE\" \/>\n<meta property=\"og:type\" content=\"article\" \/>\n<meta property=\"og:title\" content=\"Chickpeas Soup with vegetables - Annes Matl\u00e5dor\" \/>\n<meta property=\"og:description\" content=\"Savor our Chickpea Soup, featuring tender chickpeas in a rich, aromatic broth with fresh vegetables and spices. This hearty and nourishing dish is perfect for a cozy meal, offering a delightful blend of flavors and comfort in every bowl!\" \/>\n<meta property=\"og:url\" content=\"https:\/\/annesmatlador.se\/sv\/produkt\/chickpeas-soup-with-chickpease\/\" \/>\n<meta property=\"og:site_name\" content=\"Annes Matl\u00e5dor\" \/>\n<meta property=\"article:modified_time\" content=\"2024-11-22T16:58:08+00:00\" \/>\n<meta property=\"og:image\" content=\"https:\/\/annesmatlador.se\/wp-content\/uploads\/2024\/10\/Chickpeas-Soup-with-Mixed-Vegetables-week-41.webp\" \/>\n\t<meta property=\"og:image:width\" content=\"1024\" \/>\n\t<meta property=\"og:image:height\" content=\"1024\" \/>\n\t<meta property=\"og:image:type\" content=\"image\/webp\" \/>\n<meta name=\"twitter:card\" content=\"summary_large_image\" \/>\n<meta name=\"twitter:label1\" content=\"Ber\u00e4knad l\u00e4stid\" \/>\n\t<meta name=\"twitter:data1\" content=\"1 minut\" \/>\n<script type=\"application\/ld+json\" class=\"yoast-schema-graph\">{\"@context\":\"https:\/\/schema.org\",\"@graph\":[{\"@type\":\"WebPage\",\"@id\":\"https:\/\/annesmatlador.se\/product\/chickpeas-soup-with-chickpease\/\",\"url\":\"https:\/\/annesmatlador.se\/product\/chickpeas-soup-with-chickpease\/\",\"name\":\"Chickpeas Soup with vegetables - Annes Matl\u00e5dor\",\"isPartOf\":{\"@id\":\"https:\/\/annesmatlador.se\/#website\"},\"primaryImageOfPage\":{\"@id\":\"https:\/\/annesmatlador.se\/product\/chickpeas-soup-with-chickpease\/#primaryimage\"},\"image\":{\"@id\":\"https:\/\/annesmatlador.se\/product\/chickpeas-soup-with-chickpease\/#primaryimage\"},\"thumbnailUrl\":\"https:\/\/annesmatlador.se\/wp-content\/uploads\/2024\/10\/Chickpeas-Soup-with-Mixed-Vegetables-week-41.webp\",\"datePublished\":\"2024-10-04T12:40:16+00:00\",\"dateModified\":\"2024-11-22T16:58:08+00:00\",\"breadcrumb\":{\"@id\":\"https:\/\/annesmatlador.se\/product\/chickpeas-soup-with-chickpease\/#breadcrumb\"},\"inLanguage\":\"sv-SE\",\"potentialAction\":[{\"@type\":\"ReadAction\",\"target\":[\"https:\/\/annesmatlador.se\/product\/chickpeas-soup-with-chickpease\/\"]}]},{\"@type\":\"ImageObject\",\"inLanguage\":\"sv-SE\",\"@id\":\"https:\/\/annesmatlador.se\/product\/chickpeas-soup-with-chickpease\/#primaryimage\",\"url\":\"https:\/\/annesmatlador.se\/wp-content\/uploads\/2024\/10\/Chickpeas-Soup-with-Mixed-Vegetables-week-41.webp\",\"contentUrl\":\"https:\/\/annesmatlador.se\/wp-content\/uploads\/2024\/10\/Chickpeas-Soup-with-Mixed-Vegetables-week-41.webp\",\"width\":1024,\"height\":1024},{\"@type\":\"BreadcrumbList\",\"@id\":\"https:\/\/annesmatlador.se\/product\/chickpeas-soup-with-chickpease\/#breadcrumb\",\"itemListElement\":[{\"@type\":\"ListItem\",\"position\":1,\"name\":\"Home\",\"item\":\"https:\/\/annesmatlador.se\/\"},{\"@type\":\"ListItem\",\"position\":2,\"name\":\"Shop\",\"item\":\"https:\/\/annesmatlador.se\/shop\/\"},{\"@type\":\"ListItem\",\"position\":3,\"name\":\"Chickpeas Soup with vegetables\"}]},{\"@type\":\"WebSite\",\"@id\":\"https:\/\/annesmatlador.se\/#website\",\"url\":\"https:\/\/annesmatlador.se\/\",\"name\":\"Zaki\",\"description\":\"\u201cYour homely needs, just a click away\u201d\",\"publisher\":{\"@id\":\"https:\/\/annesmatlador.se\/#organization\"},\"potentialAction\":[{\"@type\":\"SearchAction\",\"target\":{\"@type\":\"EntryPoint\",\"urlTemplate\":\"https:\/\/annesmatlador.se\/?s={search_term_string}\"},\"query-input\":{\"@type\":\"PropertyValueSpecification\",\"valueRequired\":true,\"valueName\":\"search_term_string\"}}],\"inLanguage\":\"sv-SE\"},{\"@type\":\"Organization\",\"@id\":\"https:\/\/annesmatlador.se\/#organization\",\"name\":\"Zaki\",\"url\":\"https:\/\/annesmatlador.se\/\",\"logo\":{\"@type\":\"ImageObject\",\"inLanguage\":\"sv-SE\",\"@id\":\"https:\/\/annesmatlador.se\/#\/schema\/logo\/image\/\",\"url\":\"https:\/\/annesmatlador.se\/wp-content\/uploads\/2024\/07\/ANNES.png\",\"contentUrl\":\"https:\/\/annesmatlador.se\/wp-content\/uploads\/2024\/07\/ANNES.png\",\"width\":1462,\"height\":1621,\"caption\":\"Zaki\"},\"image\":{\"@id\":\"https:\/\/annesmatlador.se\/#\/schema\/logo\/image\/\"}}]}<\/script>\n<!-- \/ Yoast SEO plugin. -->","yoast_head_json":{"title":"Chickpeas Soup with vegetables - Annes Matl\u00e5dor","robots":{"index":"index","follow":"follow","max-snippet":"max-snippet:-1","max-image-preview":"max-image-preview:large","max-video-preview":"max-video-preview:-1"},"canonical":"https:\/\/annesmatlador.se\/sv\/produkt\/chickpeas-soup-with-chickpease\/","og_locale":"sv_SE","og_type":"article","og_title":"Chickpeas Soup with vegetables - Annes Matl\u00e5dor","og_description":"Savor our Chickpea Soup, featuring tender chickpeas in a rich, aromatic broth with fresh vegetables and spices. This hearty and nourishing dish is perfect for a cozy meal, offering a delightful blend of flavors and comfort in every bowl!","og_url":"https:\/\/annesmatlador.se\/sv\/produkt\/chickpeas-soup-with-chickpease\/","og_site_name":"Annes Matl\u00e5dor","article_modified_time":"2024-11-22T16:58:08+00:00","og_image":[{"width":1024,"height":1024,"url":"https:\/\/annesmatlador.se\/wp-content\/uploads\/2024\/10\/Chickpeas-Soup-with-Mixed-Vegetables-week-41.webp","type":"image\/webp"}],"twitter_card":"summary_large_image","twitter_misc":{"Ber\u00e4knad l\u00e4stid":"1 minut"},"schema":{"@context":"https:\/\/schema.org","@graph":[{"@type":"WebPage","@id":"https:\/\/annesmatlador.se\/product\/chickpeas-soup-with-chickpease\/","url":"https:\/\/annesmatlador.se\/product\/chickpeas-soup-with-chickpease\/","name":"Chickpeas Soup with vegetables - Annes Matl\u00e5dor","isPartOf":{"@id":"https:\/\/annesmatlador.se\/#website"},"primaryImageOfPage":{"@id":"https:\/\/annesmatlador.se\/product\/chickpeas-soup-with-chickpease\/#primaryimage"},"image":{"@id":"https:\/\/annesmatlador.se\/product\/chickpeas-soup-with-chickpease\/#primaryimage"},"thumbnailUrl":"https:\/\/annesmatlador.se\/wp-content\/uploads\/2024\/10\/Chickpeas-Soup-with-Mixed-Vegetables-week-41.webp","datePublished":"2024-10-04T12:40:16+00:00","dateModified":"2024-11-22T16:58:08+00:00","breadcrumb":{"@id":"https:\/\/annesmatlador.se\/product\/chickpeas-soup-with-chickpease\/#breadcrumb"},"inLanguage":"sv-SE","potentialAction":[{"@type":"ReadAction","target":["https:\/\/annesmatlador.se\/product\/chickpeas-soup-with-chickpease\/"]}]},{"@type":"ImageObject","inLanguage":"sv-SE","@id":"https:\/\/annesmatlador.se\/product\/chickpeas-soup-with-chickpease\/#primaryimage","url":"https:\/\/annesmatlador.se\/wp-content\/uploads\/2024\/10\/Chickpeas-Soup-with-Mixed-Vegetables-week-41.webp","contentUrl":"https:\/\/annesmatlador.se\/wp-content\/uploads\/2024\/10\/Chickpeas-Soup-with-Mixed-Vegetables-week-41.webp","width":1024,"height":1024},{"@type":"BreadcrumbList","@id":"https:\/\/annesmatlador.se\/product\/chickpeas-soup-with-chickpease\/#breadcrumb","itemListElement":[{"@type":"ListItem","position":1,"name":"Home","item":"https:\/\/annesmatlador.se\/"},{"@type":"ListItem","position":2,"name":"Shop","item":"https:\/\/annesmatlador.se\/shop\/"},{"@type":"ListItem","position":3,"name":"Chickpeas Soup with vegetables"}]},{"@type":"WebSite","@id":"https:\/\/annesmatlador.se\/#website","url":"https:\/\/annesmatlador.se\/","name":"Zaki","description":"\u201cYour homely needs, just a click away\u201d","publisher":{"@id":"https:\/\/annesmatlador.se\/#organization"},"potentialAction":[{"@type":"SearchAction","target":{"@type":"EntryPoint","urlTemplate":"https:\/\/annesmatlador.se\/?s={search_term_string}"},"query-input":{"@type":"PropertyValueSpecification","valueRequired":true,"valueName":"search_term_string"}}],"inLanguage":"sv-SE"},{"@type":"Organization","@id":"https:\/\/annesmatlador.se\/#organization","name":"Zaki","url":"https:\/\/annesmatlador.se\/","logo":{"@type":"ImageObject","inLanguage":"sv-SE","@id":"https:\/\/annesmatlador.se\/#\/schema\/logo\/image\/","url":"https:\/\/annesmatlador.se\/wp-content\/uploads\/2024\/07\/ANNES.png","contentUrl":"https:\/\/annesmatlador.se\/wp-content\/uploads\/2024\/07\/ANNES.png","width":1462,"height":1621,"caption":"Zaki"},"image":{"@id":"https:\/\/annesmatlador.se\/#\/schema\/logo\/image\/"}}]}},"_links":{"self":[{"href":"https:\/\/annesmatlador.se\/sv\/wp-json\/wp\/v2\/product\/912"}],"collection":[{"href":"https:\/\/annesmatlador.se\/sv\/wp-json\/wp\/v2\/product"}],"about":[{"href":"https:\/\/annesmatlador.se\/sv\/wp-json\/wp\/v2\/types\/product"}],"replies":[{"embeddable":true,"href":"https:\/\/annesmatlador.se\/sv\/wp-json\/wp\/v2\/comments?post=912"}],"wp:featuredmedia":[{"embeddable":true,"href":"https:\/\/annesmatlador.se\/sv\/wp-json\/wp\/v2\/media\/939"}],"wp:attachment":[{"href":"https:\/\/annesmatlador.se\/sv\/wp-json\/wp\/v2\/media?parent=912"}],"wp:term":[{"taxonomy":"product_cat","embeddable":true,"href":"https:\/\/annesmatlador.se\/sv\/wp-json\/wp\/v2\/product_cat?post=912"},{"taxonomy":"product_tag","embeddable":true,"href":"https:\/\/annesmatlador.se\/sv\/wp-json\/wp\/v2\/product_tag?post=912"},{"taxonomy":"days","embeddable":true,"href":"https:\/\/annesmatlador.se\/sv\/wp-json\/wp\/v2\/days?post=912"},{"taxonomy":"dish_type","embeddable":true,"href":"https:\/\/annesmatlador.se\/sv\/wp-json\/wp\/v2\/dish_type?post=912"}],"curies":[{"name":"wp","href":"https:\/\/api.w.org\/{rel}","templated":true}]}}