{"id":886,"date":"2024-10-02T16:45:53","date_gmt":"2024-10-02T16:45:53","guid":{"rendered":"https:\/\/xn--annesmatldor-1cb.se\/?post_type=product&#038;p=886"},"modified":"2024-10-13T15:34:18","modified_gmt":"2024-10-13T15:34:18","slug":"pasta-ckicken-pepper-cream-with-mix-peppers","status":"publish","type":"product","link":"https:\/\/annesmatlador.se\/sv\/produkt\/pasta-ckicken-pepper-cream-with-mix-peppers\/","title":{"rendered":"Pasta med Kyckling och Peppar i Gr\u00e4dds\u00e5s"},"content":{"rendered":"<p>Pasta med Kyckling och Peppar i Gr\u00e4dds\u00e5s, en uts\u00f6kt r\u00e4tt som f\u00f6renar saftig kyckling, al dente-pasta och en livfull blandning av blandade paprikor. Den kr\u00e4miga s\u00e5sen, infunderad med aromatiska \u00f6rter och kryddor, omfamnar varje ingrediens och skapar en harmonisk balans av smaker. F\u00e4rska r\u00f6da, gula och gr\u00f6na paprikor ger b\u00e5de f\u00e4rg och en l\u00e4tt s\u00f6tma, medan kycklingen ger ett tillfredsst\u00e4llande proteintillskott. Perfekt f\u00f6r en mysig middag eller en imponerande m\u00e5ltid f\u00f6r g\u00e4ster, serveras r\u00e4tten varm och garnerad med en skv\u00e4tt nyriven parmesanost och ett st\u00e4nk av persilja. Upplev en tr\u00f6stande och l\u00e4cker kulinarisk resa som \u00e4r b\u00e5de m\u00e4ttande och tillfredsst\u00e4llande!<\/p>","protected":false},"excerpt":{"rendered":"<p>Njut av v\u00e5r Pasta med Kyckling och Peppar i Gr\u00e4dds\u00e5s, med saftig kyckling och en f\u00e4rgstark blandning av paprikor i en rik och kr\u00e4mig s\u00e5s. Denna uts\u00f6kta r\u00e4tt \u00e4r perfekt f\u00f6r alla tillf\u00e4llen och erbjuder en tr\u00f6stande blandning av smaker, toppad med en skv\u00e4tt parmesan f\u00f6r det lilla extra.<\/p>","protected":false},"featured_media":931,"comment_status":"open","ping_status":"closed","template":"","meta":[],"product_cat":[20],"product_tag":[],"days":[],"dish_type":[],"class_list":{"0":"post-886","1":"product","2":"type-product","3":"status-publish","4":"has-post-thumbnail","6":"product_cat-weekly-diet-food","8":"entry","9":"has-media","11":"first","12":"instock","13":"sale","14":"shipping-taxable","15":"purchasable","16":"product-type-simple","17":"col","18":"span_1_of_3","19":"owp-content-center","20":"owp-thumbs-layout-vertical","21":"owp-btn-normal","22":"owp-tabs-layout-horizontal","23":"has-no-thumbnails"},"acf":[],"yoast_head":"<!-- This site is optimized with the Yoast SEO plugin v23.4 - https:\/\/yoast.com\/wordpress\/plugins\/seo\/ -->\n<title>Pasta Ckicken Pepper Cream With mix Peppers - Annes Matl\u00e5dor<\/title>\n<meta name=\"robots\" content=\"index, follow, max-snippet:-1, max-image-preview:large, max-video-preview:-1\" \/>\n<link rel=\"canonical\" href=\"https:\/\/annesmatlador.se\/sv\/produkt\/pasta-ckicken-pepper-cream-with-mix-peppers\/\" \/>\n<meta property=\"og:locale\" content=\"sv_SE\" \/>\n<meta property=\"og:type\" content=\"article\" \/>\n<meta property=\"og:title\" content=\"Pasta Ckicken Pepper Cream With mix Peppers - Annes Matl\u00e5dor\" \/>\n<meta property=\"og:description\" content=\"Savor our Pasta Chicken Pepper Cream, featuring tender chicken and a colorful mix of bell peppers in a rich, creamy sauce. This delightful dish is perfect for any occasion, offering a comforting blend of flavors and a sprinkle of Parmesan for an extra touch.\" \/>\n<meta property=\"og:url\" content=\"https:\/\/annesmatlador.se\/sv\/produkt\/pasta-ckicken-pepper-cream-with-mix-peppers\/\" \/>\n<meta property=\"og:site_name\" content=\"Annes Matl\u00e5dor\" \/>\n<meta property=\"article:modified_time\" content=\"2024-10-13T15:34:18+00:00\" \/>\n<meta property=\"og:image\" content=\"https:\/\/annesmatlador.se\/wp-content\/uploads\/2024\/10\/Pasta-with-Chicken-Pepper-and-Cream-week-41.webp\" \/>\n\t<meta property=\"og:image:width\" content=\"1024\" \/>\n\t<meta property=\"og:image:height\" content=\"1024\" \/>\n\t<meta property=\"og:image:type\" content=\"image\/webp\" \/>\n<meta name=\"twitter:card\" content=\"summary_large_image\" \/>\n<meta name=\"twitter:label1\" content=\"Ber\u00e4knad l\u00e4stid\" \/>\n\t<meta name=\"twitter:data1\" content=\"1 minut\" \/>\n<script type=\"application\/ld+json\" class=\"yoast-schema-graph\">{\"@context\":\"https:\/\/schema.org\",\"@graph\":[{\"@type\":\"WebPage\",\"@id\":\"https:\/\/annesmatlador.se\/product\/pasta-ckicken-pepper-cream-with-mix-peppers\/\",\"url\":\"https:\/\/annesmatlador.se\/product\/pasta-ckicken-pepper-cream-with-mix-peppers\/\",\"name\":\"Pasta Ckicken Pepper Cream With mix Peppers - Annes Matl\u00e5dor\",\"isPartOf\":{\"@id\":\"https:\/\/annesmatlador.se\/#website\"},\"primaryImageOfPage\":{\"@id\":\"https:\/\/annesmatlador.se\/product\/pasta-ckicken-pepper-cream-with-mix-peppers\/#primaryimage\"},\"image\":{\"@id\":\"https:\/\/annesmatlador.se\/product\/pasta-ckicken-pepper-cream-with-mix-peppers\/#primaryimage\"},\"thumbnailUrl\":\"https:\/\/annesmatlador.se\/wp-content\/uploads\/2024\/10\/Pasta-with-Chicken-Pepper-and-Cream-week-41.webp\",\"datePublished\":\"2024-10-02T16:45:53+00:00\",\"dateModified\":\"2024-10-13T15:34:18+00:00\",\"breadcrumb\":{\"@id\":\"https:\/\/annesmatlador.se\/product\/pasta-ckicken-pepper-cream-with-mix-peppers\/#breadcrumb\"},\"inLanguage\":\"sv-SE\",\"potentialAction\":[{\"@type\":\"ReadAction\",\"target\":[\"https:\/\/annesmatlador.se\/product\/pasta-ckicken-pepper-cream-with-mix-peppers\/\"]}]},{\"@type\":\"ImageObject\",\"inLanguage\":\"sv-SE\",\"@id\":\"https:\/\/annesmatlador.se\/product\/pasta-ckicken-pepper-cream-with-mix-peppers\/#primaryimage\",\"url\":\"https:\/\/annesmatlador.se\/wp-content\/uploads\/2024\/10\/Pasta-with-Chicken-Pepper-and-Cream-week-41.webp\",\"contentUrl\":\"https:\/\/annesmatlador.se\/wp-content\/uploads\/2024\/10\/Pasta-with-Chicken-Pepper-and-Cream-week-41.webp\",\"width\":1024,\"height\":1024},{\"@type\":\"BreadcrumbList\",\"@id\":\"https:\/\/annesmatlador.se\/product\/pasta-ckicken-pepper-cream-with-mix-peppers\/#breadcrumb\",\"itemListElement\":[{\"@type\":\"ListItem\",\"position\":1,\"name\":\"Home\",\"item\":\"https:\/\/annesmatlador.se\/\"},{\"@type\":\"ListItem\",\"position\":2,\"name\":\"Shop\",\"item\":\"https:\/\/annesmatlador.se\/shop\/\"},{\"@type\":\"ListItem\",\"position\":3,\"name\":\"Pasta Ckicken Pepper Cream With mix Peppers\"}]},{\"@type\":\"WebSite\",\"@id\":\"https:\/\/annesmatlador.se\/#website\",\"url\":\"https:\/\/annesmatlador.se\/\",\"name\":\"Zaki\",\"description\":\"\u201cYour homely needs, just a click away\u201d\",\"publisher\":{\"@id\":\"https:\/\/annesmatlador.se\/#organization\"},\"potentialAction\":[{\"@type\":\"SearchAction\",\"target\":{\"@type\":\"EntryPoint\",\"urlTemplate\":\"https:\/\/annesmatlador.se\/?s={search_term_string}\"},\"query-input\":{\"@type\":\"PropertyValueSpecification\",\"valueRequired\":true,\"valueName\":\"search_term_string\"}}],\"inLanguage\":\"sv-SE\"},{\"@type\":\"Organization\",\"@id\":\"https:\/\/annesmatlador.se\/#organization\",\"name\":\"Zaki\",\"url\":\"https:\/\/annesmatlador.se\/\",\"logo\":{\"@type\":\"ImageObject\",\"inLanguage\":\"sv-SE\",\"@id\":\"https:\/\/annesmatlador.se\/#\/schema\/logo\/image\/\",\"url\":\"https:\/\/annesmatlador.se\/wp-content\/uploads\/2024\/07\/ANNES.png\",\"contentUrl\":\"https:\/\/annesmatlador.se\/wp-content\/uploads\/2024\/07\/ANNES.png\",\"width\":1462,\"height\":1621,\"caption\":\"Zaki\"},\"image\":{\"@id\":\"https:\/\/annesmatlador.se\/#\/schema\/logo\/image\/\"}}]}<\/script>\n<!-- \/ Yoast SEO plugin. -->","yoast_head_json":{"title":"Pasta Ckicken Pepper Cream With mix Peppers - Annes Matl\u00e5dor","robots":{"index":"index","follow":"follow","max-snippet":"max-snippet:-1","max-image-preview":"max-image-preview:large","max-video-preview":"max-video-preview:-1"},"canonical":"https:\/\/annesmatlador.se\/sv\/produkt\/pasta-ckicken-pepper-cream-with-mix-peppers\/","og_locale":"sv_SE","og_type":"article","og_title":"Pasta Ckicken Pepper Cream With mix Peppers - Annes Matl\u00e5dor","og_description":"Savor our Pasta Chicken Pepper Cream, featuring tender chicken and a colorful mix of bell peppers in a rich, creamy sauce. This delightful dish is perfect for any occasion, offering a comforting blend of flavors and a sprinkle of Parmesan for an extra touch.","og_url":"https:\/\/annesmatlador.se\/sv\/produkt\/pasta-ckicken-pepper-cream-with-mix-peppers\/","og_site_name":"Annes Matl\u00e5dor","article_modified_time":"2024-10-13T15:34:18+00:00","og_image":[{"width":1024,"height":1024,"url":"https:\/\/annesmatlador.se\/wp-content\/uploads\/2024\/10\/Pasta-with-Chicken-Pepper-and-Cream-week-41.webp","type":"image\/webp"}],"twitter_card":"summary_large_image","twitter_misc":{"Ber\u00e4knad l\u00e4stid":"1 minut"},"schema":{"@context":"https:\/\/schema.org","@graph":[{"@type":"WebPage","@id":"https:\/\/annesmatlador.se\/product\/pasta-ckicken-pepper-cream-with-mix-peppers\/","url":"https:\/\/annesmatlador.se\/product\/pasta-ckicken-pepper-cream-with-mix-peppers\/","name":"Pasta Ckicken Pepper Cream With mix Peppers - Annes Matl\u00e5dor","isPartOf":{"@id":"https:\/\/annesmatlador.se\/#website"},"primaryImageOfPage":{"@id":"https:\/\/annesmatlador.se\/product\/pasta-ckicken-pepper-cream-with-mix-peppers\/#primaryimage"},"image":{"@id":"https:\/\/annesmatlador.se\/product\/pasta-ckicken-pepper-cream-with-mix-peppers\/#primaryimage"},"thumbnailUrl":"https:\/\/annesmatlador.se\/wp-content\/uploads\/2024\/10\/Pasta-with-Chicken-Pepper-and-Cream-week-41.webp","datePublished":"2024-10-02T16:45:53+00:00","dateModified":"2024-10-13T15:34:18+00:00","breadcrumb":{"@id":"https:\/\/annesmatlador.se\/product\/pasta-ckicken-pepper-cream-with-mix-peppers\/#breadcrumb"},"inLanguage":"sv-SE","potentialAction":[{"@type":"ReadAction","target":["https:\/\/annesmatlador.se\/product\/pasta-ckicken-pepper-cream-with-mix-peppers\/"]}]},{"@type":"ImageObject","inLanguage":"sv-SE","@id":"https:\/\/annesmatlador.se\/product\/pasta-ckicken-pepper-cream-with-mix-peppers\/#primaryimage","url":"https:\/\/annesmatlador.se\/wp-content\/uploads\/2024\/10\/Pasta-with-Chicken-Pepper-and-Cream-week-41.webp","contentUrl":"https:\/\/annesmatlador.se\/wp-content\/uploads\/2024\/10\/Pasta-with-Chicken-Pepper-and-Cream-week-41.webp","width":1024,"height":1024},{"@type":"BreadcrumbList","@id":"https:\/\/annesmatlador.se\/product\/pasta-ckicken-pepper-cream-with-mix-peppers\/#breadcrumb","itemListElement":[{"@type":"ListItem","position":1,"name":"Home","item":"https:\/\/annesmatlador.se\/"},{"@type":"ListItem","position":2,"name":"Shop","item":"https:\/\/annesmatlador.se\/shop\/"},{"@type":"ListItem","position":3,"name":"Pasta Ckicken Pepper Cream With mix Peppers"}]},{"@type":"WebSite","@id":"https:\/\/annesmatlador.se\/#website","url":"https:\/\/annesmatlador.se\/","name":"Zaki","description":"\u201cYour homely needs, just a click away\u201d","publisher":{"@id":"https:\/\/annesmatlador.se\/#organization"},"potentialAction":[{"@type":"SearchAction","target":{"@type":"EntryPoint","urlTemplate":"https:\/\/annesmatlador.se\/?s={search_term_string}"},"query-input":{"@type":"PropertyValueSpecification","valueRequired":true,"valueName":"search_term_string"}}],"inLanguage":"sv-SE"},{"@type":"Organization","@id":"https:\/\/annesmatlador.se\/#organization","name":"Zaki","url":"https:\/\/annesmatlador.se\/","logo":{"@type":"ImageObject","inLanguage":"sv-SE","@id":"https:\/\/annesmatlador.se\/#\/schema\/logo\/image\/","url":"https:\/\/annesmatlador.se\/wp-content\/uploads\/2024\/07\/ANNES.png","contentUrl":"https:\/\/annesmatlador.se\/wp-content\/uploads\/2024\/07\/ANNES.png","width":1462,"height":1621,"caption":"Zaki"},"image":{"@id":"https:\/\/annesmatlador.se\/#\/schema\/logo\/image\/"}}]}},"_links":{"self":[{"href":"https:\/\/annesmatlador.se\/sv\/wp-json\/wp\/v2\/product\/886"}],"collection":[{"href":"https:\/\/annesmatlador.se\/sv\/wp-json\/wp\/v2\/product"}],"about":[{"href":"https:\/\/annesmatlador.se\/sv\/wp-json\/wp\/v2\/types\/product"}],"replies":[{"embeddable":true,"href":"https:\/\/annesmatlador.se\/sv\/wp-json\/wp\/v2\/comments?post=886"}],"wp:featuredmedia":[{"embeddable":true,"href":"https:\/\/annesmatlador.se\/sv\/wp-json\/wp\/v2\/media\/931"}],"wp:attachment":[{"href":"https:\/\/annesmatlador.se\/sv\/wp-json\/wp\/v2\/media?parent=886"}],"wp:term":[{"taxonomy":"product_cat","embeddable":true,"href":"https:\/\/annesmatlador.se\/sv\/wp-json\/wp\/v2\/product_cat?post=886"},{"taxonomy":"product_tag","embeddable":true,"href":"https:\/\/annesmatlador.se\/sv\/wp-json\/wp\/v2\/product_tag?post=886"},{"taxonomy":"days","embeddable":true,"href":"https:\/\/annesmatlador.se\/sv\/wp-json\/wp\/v2\/days?post=886"},{"taxonomy":"dish_type","embeddable":true,"href":"https:\/\/annesmatlador.se\/sv\/wp-json\/wp\/v2\/dish_type?post=886"}],"curies":[{"name":"wp","href":"https:\/\/api.w.org\/{rel}","templated":true}]}}