{"id":347,"date":"2024-07-31T05:47:44","date_gmt":"2024-07-31T05:47:44","guid":{"rendered":"https:\/\/truelogicsoft.com\/zaki\/?post_type=product&#038;p=347"},"modified":"2024-07-31T05:48:04","modified_gmt":"2024-07-31T05:48:04","slug":"oat-meal-2","status":"publish","type":"product","link":"https:\/\/annesmatlador.se\/sv\/produkt\/oat-meal-2\/","title":{"rendered":"Oat Meal 2"},"content":{"rendered":"<p>Lorem ipsum dolor sit amet, consectetur adipiscing elit. Praesent tincidunt purus eget congue dictum. Proin eget augue sed odio ornare molestie. Fusce pulvinar, sem ac lacinia ornare, purus lorem egestas enim, vitae sodales magna nibh eget felis. Maecenas et sapien sit amet lectus iaculis laoreet. Suspendisse ullamcorper blandit justo, quis sollicitudin metus aliquam sit amet. Cras elementum sit amet nunc ut convallis. Etiam vitae ipsum faucibus, feugiat mauris ac, mattis leo. Ut eget neque faucibus, sagittis leo quis, feugiat sapien. Vivamus sollicitudin auctor quam vitae gravida. Proin erat risus, vestibulum ut molestie vitae, feugiat sed neque. Nulla non pretium velit, vel finibus lectus.<\/p>\n<p>Fusce magna nisl, placerat in dictum sed, mollis in metus. Etiam efficitur, sem non rutrum rutrum, est sem cursus mauris, mollis commodo ipsum quam nec massa. Fusce vehicula odio a quam efficitur, non aliquam quam finibus. Duis feugiat sapien erat, eu ultricies ipsum venenatis ut. Vestibulum a est id lorem mattis hendrerit. Aenean eu diam sed lorem ultricies fringilla. Aenean a nisi aliquet, interdum risus ut, molestie tortor. Sed viverra, dui in vulputate elementum, sem purus porttitor nisi, a ornare urna mauris non leo. Etiam arcu risus, placerat sed leo sit amet, hendrerit consequat lacus. Donec posuere erat dapibus porttitor commodo. Mauris id orci sit amet ipsum varius ornare. Sed bibendum neque ut ante dapibus, ac fermentum tortor condimentum. Nullam ante sapien, posuere eget ex nec, dictum pretium enim. Fusce pretium arcu id nunc commodo tincidunt.<\/p>\n<p>Ut iaculis justo aliquet, interdum turpis nec, molestie massa. Vestibulum aliquet nibh vel ex viverra, non fermentum massa feugiat. Aenean nec suscipit lorem. Sed pulvinar, sem sed pellentesque aliquet, est velit mattis enim, vel vulputate orci risus sit amet neque. Proin condimentum lobortis orci, non rutrum enim dictum id. Pellentesque sodales urna risus, id imperdiet felis maximus nec. Sed accumsan commodo ornare. Morbi sed ullamcorper sem, non accumsan turpis. Pellentesque habitant morbi tristique senectus et netus et malesuada fames ac turpis egestas. Phasellus tristique, urna sit amet porttitor tempus, est arcu porta lacus, nec vulputate justo magna vel ipsum. Curabitur rhoncus risus at fermentum mollis. Praesent placerat est purus, in tristique sapien rutrum vitae. Morbi iaculis at ipsum vitae feugiat.<\/p>\n<p>Maecenas ut erat dapibus quam accumsan ultricies sed sit amet risus. Vestibulum lacinia, mi sed mollis scelerisque, nulla massa malesuada dui, sit amet lobortis sapien libero in tortor. Vestibulum aliquam eleifend nulla, quis accumsan felis hendrerit in. Phasellus ultricies venenatis quam, nec pharetra lacus venenatis sit amet. Quisque volutpat ultricies dolor, bibendum accumsan ex bibendum in. Mauris lacinia porttitor felis sed vestibulum. Proin ullamcorper accumsan ullamcorper. Maecenas fermentum porta leo nec consequat. Proin vitae nulla non lorem ullamcorper sagittis id sit amet ex. Fusce eget sem feugiat, dapibus velit at, fringilla arcu. Nam imperdiet erat semper nisl sodales, sed semper enim vulputate. Fusce fringilla, augue tincidunt ullamcorper lacinia, lorem ante ullamcorper orci, at accumsan nisi augue vitae est. Nam felis eros, gravida ac mauris sed, venenatis molestie nunc. Vivamus vitae porttitor ex, vitae finibus turpis. Pellentesque quis sem feugiat, accumsan nibh et, congue mi.<\/p>\n<p>Duis aliquam urna ornare, mattis lacus at, scelerisque metus. Nunc nec placerat mi, quis scelerisque quam. Maecenas ac ex eget sapien hendrerit pharetra. Maecenas ullamcorper leo libero, non feugiat elit mollis a. Sed non sollicitudin urna, quis egestas nulla. Vestibulum eleifend, odio in semper fermentum, mauris eros mollis odio, nec pretium orci nibh nec elit. Morbi nunc lacus, dapibus at posuere a, vehicula sed nunc. Sed orci ligula, tristique non odio nec, vehicula dignissim massa. Aliquam erat volutpat. Aenean sit amet tristique nibh, gravida vehicula ante. In lorem lectus, hendrerit et enim in, dictum viverra odio. Pellentesque habitant morbi tristique senectus et netus et malesuada fames ac turpis egestas. Aenean semper risus vel sapien posuere facilisis.<\/p>","protected":false},"excerpt":{"rendered":"<p>\u00c5 andra sidan f\u00f6rd\u00f6mer vi med r\u00e4ttf\u00e4rdig indignation och<br \/>\nogillar m\u00e4n som \u00e4r s\u00e5 f\u00f6rledda och demoraliserade av charmen<br \/>\nav stundens njutning s\u00e5 f\u00f6rblindad av beg\u00e4r<\/p>","protected":false},"featured_media":173,"comment_status":"open","ping_status":"closed","template":"","meta":[],"product_cat":[28],"product_tag":[],"days":[],"dish_type":[],"class_list":{"0":"post-347","1":"product","2":"type-product","3":"status-publish","4":"has-post-thumbnail","6":"product_cat-meal-box-container","8":"entry","9":"has-media","11":"first","12":"instock","13":"sale","14":"shipping-taxable","15":"purchasable","16":"product-type-simple","17":"col","18":"span_1_of_3","19":"owp-content-center","20":"owp-thumbs-layout-vertical","21":"owp-btn-normal","22":"owp-tabs-layout-horizontal"},"acf":[],"yoast_head":"<!-- This site is optimized with the Yoast SEO plugin v23.4 - https:\/\/yoast.com\/wordpress\/plugins\/seo\/ -->\n<title>Oat Meal 2 - Annes Matl\u00e5dor<\/title>\n<meta name=\"robots\" content=\"index, follow, max-snippet:-1, max-image-preview:large, max-video-preview:-1\" \/>\n<link rel=\"canonical\" href=\"https:\/\/annesmatlador.se\/sv\/produkt\/oat-meal-2\/\" \/>\n<meta property=\"og:locale\" content=\"sv_SE\" \/>\n<meta property=\"og:type\" content=\"article\" \/>\n<meta property=\"og:title\" content=\"Oat Meal 2 - Annes Matl\u00e5dor\" \/>\n<meta property=\"og:description\" content=\"On the other hand we denounce with righteou indignation and dislike men who are so beguiled and demoralized by the charms of pleasure of the moment so blinded by desire\" \/>\n<meta property=\"og:url\" content=\"https:\/\/annesmatlador.se\/sv\/produkt\/oat-meal-2\/\" \/>\n<meta property=\"og:site_name\" content=\"Annes Matl\u00e5dor\" \/>\n<meta property=\"article:modified_time\" content=\"2024-07-31T05:48:04+00:00\" \/>\n<meta property=\"og:image\" content=\"https:\/\/annesmatlador.se\/wp-content\/uploads\/2024\/07\/Rectangle-2.png\" \/>\n\t<meta property=\"og:image:width\" content=\"584\" \/>\n\t<meta property=\"og:image:height\" content=\"584\" \/>\n\t<meta property=\"og:image:type\" content=\"image\/png\" \/>\n<meta name=\"twitter:card\" content=\"summary_large_image\" \/>\n<meta name=\"twitter:label1\" content=\"Ber\u00e4knad l\u00e4stid\" \/>\n\t<meta name=\"twitter:data1\" content=\"3 minuter\" \/>\n<script type=\"application\/ld+json\" class=\"yoast-schema-graph\">{\"@context\":\"https:\/\/schema.org\",\"@graph\":[{\"@type\":\"WebPage\",\"@id\":\"https:\/\/annesmatlador.se\/product\/oat-meal-2\/\",\"url\":\"https:\/\/annesmatlador.se\/product\/oat-meal-2\/\",\"name\":\"Oat Meal 2 - Annes Matl\u00e5dor\",\"isPartOf\":{\"@id\":\"https:\/\/annesmatlador.se\/#website\"},\"primaryImageOfPage\":{\"@id\":\"https:\/\/annesmatlador.se\/product\/oat-meal-2\/#primaryimage\"},\"image\":{\"@id\":\"https:\/\/annesmatlador.se\/product\/oat-meal-2\/#primaryimage\"},\"thumbnailUrl\":\"https:\/\/annesmatlador.se\/wp-content\/uploads\/2024\/07\/Rectangle-2.png\",\"datePublished\":\"2024-07-31T05:47:44+00:00\",\"dateModified\":\"2024-07-31T05:48:04+00:00\",\"breadcrumb\":{\"@id\":\"https:\/\/annesmatlador.se\/product\/oat-meal-2\/#breadcrumb\"},\"inLanguage\":\"sv-SE\",\"potentialAction\":[{\"@type\":\"ReadAction\",\"target\":[\"https:\/\/annesmatlador.se\/product\/oat-meal-2\/\"]}]},{\"@type\":\"ImageObject\",\"inLanguage\":\"sv-SE\",\"@id\":\"https:\/\/annesmatlador.se\/product\/oat-meal-2\/#primaryimage\",\"url\":\"https:\/\/annesmatlador.se\/wp-content\/uploads\/2024\/07\/Rectangle-2.png\",\"contentUrl\":\"https:\/\/annesmatlador.se\/wp-content\/uploads\/2024\/07\/Rectangle-2.png\",\"width\":584,\"height\":584},{\"@type\":\"BreadcrumbList\",\"@id\":\"https:\/\/annesmatlador.se\/product\/oat-meal-2\/#breadcrumb\",\"itemListElement\":[{\"@type\":\"ListItem\",\"position\":1,\"name\":\"Home\",\"item\":\"https:\/\/annesmatlador.se\/\"},{\"@type\":\"ListItem\",\"position\":2,\"name\":\"Shop\",\"item\":\"https:\/\/annesmatlador.se\/shop\/\"},{\"@type\":\"ListItem\",\"position\":3,\"name\":\"Oat Meal 2\"}]},{\"@type\":\"WebSite\",\"@id\":\"https:\/\/annesmatlador.se\/#website\",\"url\":\"https:\/\/annesmatlador.se\/\",\"name\":\"Zaki\",\"description\":\"\u201cYour homely needs, just a click away\u201d\",\"publisher\":{\"@id\":\"https:\/\/annesmatlador.se\/#organization\"},\"potentialAction\":[{\"@type\":\"SearchAction\",\"target\":{\"@type\":\"EntryPoint\",\"urlTemplate\":\"https:\/\/annesmatlador.se\/?s={search_term_string}\"},\"query-input\":{\"@type\":\"PropertyValueSpecification\",\"valueRequired\":true,\"valueName\":\"search_term_string\"}}],\"inLanguage\":\"sv-SE\"},{\"@type\":\"Organization\",\"@id\":\"https:\/\/annesmatlador.se\/#organization\",\"name\":\"Zaki\",\"url\":\"https:\/\/annesmatlador.se\/\",\"logo\":{\"@type\":\"ImageObject\",\"inLanguage\":\"sv-SE\",\"@id\":\"https:\/\/annesmatlador.se\/#\/schema\/logo\/image\/\",\"url\":\"https:\/\/annesmatlador.se\/wp-content\/uploads\/2024\/07\/ANNES.png\",\"contentUrl\":\"https:\/\/annesmatlador.se\/wp-content\/uploads\/2024\/07\/ANNES.png\",\"width\":1462,\"height\":1621,\"caption\":\"Zaki\"},\"image\":{\"@id\":\"https:\/\/annesmatlador.se\/#\/schema\/logo\/image\/\"}}]}<\/script>\n<!-- \/ Yoast SEO plugin. -->","yoast_head_json":{"title":"Oat Meal 2 - Annes Matl\u00e5dor","robots":{"index":"index","follow":"follow","max-snippet":"max-snippet:-1","max-image-preview":"max-image-preview:large","max-video-preview":"max-video-preview:-1"},"canonical":"https:\/\/annesmatlador.se\/sv\/produkt\/oat-meal-2\/","og_locale":"sv_SE","og_type":"article","og_title":"Oat Meal 2 - Annes Matl\u00e5dor","og_description":"On the other hand we denounce with righteou indignation and dislike men who are so beguiled and demoralized by the charms of pleasure of the moment so blinded by desire","og_url":"https:\/\/annesmatlador.se\/sv\/produkt\/oat-meal-2\/","og_site_name":"Annes Matl\u00e5dor","article_modified_time":"2024-07-31T05:48:04+00:00","og_image":[{"width":584,"height":584,"url":"https:\/\/annesmatlador.se\/wp-content\/uploads\/2024\/07\/Rectangle-2.png","type":"image\/png"}],"twitter_card":"summary_large_image","twitter_misc":{"Ber\u00e4knad l\u00e4stid":"3 minuter"},"schema":{"@context":"https:\/\/schema.org","@graph":[{"@type":"WebPage","@id":"https:\/\/annesmatlador.se\/product\/oat-meal-2\/","url":"https:\/\/annesmatlador.se\/product\/oat-meal-2\/","name":"Oat Meal 2 - Annes Matl\u00e5dor","isPartOf":{"@id":"https:\/\/annesmatlador.se\/#website"},"primaryImageOfPage":{"@id":"https:\/\/annesmatlador.se\/product\/oat-meal-2\/#primaryimage"},"image":{"@id":"https:\/\/annesmatlador.se\/product\/oat-meal-2\/#primaryimage"},"thumbnailUrl":"https:\/\/annesmatlador.se\/wp-content\/uploads\/2024\/07\/Rectangle-2.png","datePublished":"2024-07-31T05:47:44+00:00","dateModified":"2024-07-31T05:48:04+00:00","breadcrumb":{"@id":"https:\/\/annesmatlador.se\/product\/oat-meal-2\/#breadcrumb"},"inLanguage":"sv-SE","potentialAction":[{"@type":"ReadAction","target":["https:\/\/annesmatlador.se\/product\/oat-meal-2\/"]}]},{"@type":"ImageObject","inLanguage":"sv-SE","@id":"https:\/\/annesmatlador.se\/product\/oat-meal-2\/#primaryimage","url":"https:\/\/annesmatlador.se\/wp-content\/uploads\/2024\/07\/Rectangle-2.png","contentUrl":"https:\/\/annesmatlador.se\/wp-content\/uploads\/2024\/07\/Rectangle-2.png","width":584,"height":584},{"@type":"BreadcrumbList","@id":"https:\/\/annesmatlador.se\/product\/oat-meal-2\/#breadcrumb","itemListElement":[{"@type":"ListItem","position":1,"name":"Home","item":"https:\/\/annesmatlador.se\/"},{"@type":"ListItem","position":2,"name":"Shop","item":"https:\/\/annesmatlador.se\/shop\/"},{"@type":"ListItem","position":3,"name":"Oat Meal 2"}]},{"@type":"WebSite","@id":"https:\/\/annesmatlador.se\/#website","url":"https:\/\/annesmatlador.se\/","name":"Zaki","description":"\u201cYour homely needs, just a click away\u201d","publisher":{"@id":"https:\/\/annesmatlador.se\/#organization"},"potentialAction":[{"@type":"SearchAction","target":{"@type":"EntryPoint","urlTemplate":"https:\/\/annesmatlador.se\/?s={search_term_string}"},"query-input":{"@type":"PropertyValueSpecification","valueRequired":true,"valueName":"search_term_string"}}],"inLanguage":"sv-SE"},{"@type":"Organization","@id":"https:\/\/annesmatlador.se\/#organization","name":"Zaki","url":"https:\/\/annesmatlador.se\/","logo":{"@type":"ImageObject","inLanguage":"sv-SE","@id":"https:\/\/annesmatlador.se\/#\/schema\/logo\/image\/","url":"https:\/\/annesmatlador.se\/wp-content\/uploads\/2024\/07\/ANNES.png","contentUrl":"https:\/\/annesmatlador.se\/wp-content\/uploads\/2024\/07\/ANNES.png","width":1462,"height":1621,"caption":"Zaki"},"image":{"@id":"https:\/\/annesmatlador.se\/#\/schema\/logo\/image\/"}}]}},"_links":{"self":[{"href":"https:\/\/annesmatlador.se\/sv\/wp-json\/wp\/v2\/product\/347"}],"collection":[{"href":"https:\/\/annesmatlador.se\/sv\/wp-json\/wp\/v2\/product"}],"about":[{"href":"https:\/\/annesmatlador.se\/sv\/wp-json\/wp\/v2\/types\/product"}],"replies":[{"embeddable":true,"href":"https:\/\/annesmatlador.se\/sv\/wp-json\/wp\/v2\/comments?post=347"}],"wp:featuredmedia":[{"embeddable":true,"href":"https:\/\/annesmatlador.se\/sv\/wp-json\/wp\/v2\/media\/173"}],"wp:attachment":[{"href":"https:\/\/annesmatlador.se\/sv\/wp-json\/wp\/v2\/media?parent=347"}],"wp:term":[{"taxonomy":"product_cat","embeddable":true,"href":"https:\/\/annesmatlador.se\/sv\/wp-json\/wp\/v2\/product_cat?post=347"},{"taxonomy":"product_tag","embeddable":true,"href":"https:\/\/annesmatlador.se\/sv\/wp-json\/wp\/v2\/product_tag?post=347"},{"taxonomy":"days","embeddable":true,"href":"https:\/\/annesmatlador.se\/sv\/wp-json\/wp\/v2\/days?post=347"},{"taxonomy":"dish_type","embeddable":true,"href":"https:\/\/annesmatlador.se\/sv\/wp-json\/wp\/v2\/dish_type?post=347"}],"curies":[{"name":"wp","href":"https:\/\/api.w.org\/{rel}","templated":true}]}}