{"id":176,"date":"2024-07-17T11:10:12","date_gmt":"2024-07-17T11:10:12","guid":{"rendered":"https:\/\/truelogicsoft.com\/zaki\/?post_type=product&#038;p=176"},"modified":"2024-07-25T09:53:25","modified_gmt":"2024-07-25T09:53:25","slug":"oat-meal-1","status":"publish","type":"product","link":"https:\/\/annesmatlador.se\/sv\/produkt\/oat-meal-1\/","title":{"rendered":"Oat Meal 1"},"content":{"rendered":"","protected":false},"excerpt":{"rendered":"<p>\u00c5 andra sidan f\u00f6rd\u00f6mer vi med r\u00e4ttf\u00e4rdig indignation och<br \/>\nogillar m\u00e4n som \u00e4r s\u00e5 f\u00f6rledda och demoraliserade av charmen<br \/>\nav stundens njutning s\u00e5 f\u00f6rblindad av beg\u00e4r<\/p>","protected":false},"featured_media":173,"comment_status":"open","ping_status":"closed","template":"","meta":[],"product_cat":[28],"product_tag":[],"days":[],"dish_type":[],"class_list":{"0":"post-176","1":"product","2":"type-product","3":"status-publish","4":"has-post-thumbnail","6":"product_cat-meal-box-container","8":"entry","9":"has-media","11":"first","12":"instock","13":"sale","14":"shipping-taxable","15":"purchasable","16":"product-type-simple","17":"col","18":"span_1_of_3","19":"owp-content-center","20":"owp-thumbs-layout-vertical","21":"owp-btn-normal","22":"owp-tabs-layout-horizontal"},"acf":[],"yoast_head":"<!-- This site is optimized with the Yoast SEO plugin v23.4 - https:\/\/yoast.com\/wordpress\/plugins\/seo\/ -->\n<title>Oat Meal 1 - Annes Matl\u00e5dor<\/title>\n<meta name=\"robots\" content=\"index, follow, max-snippet:-1, max-image-preview:large, max-video-preview:-1\" \/>\n<link rel=\"canonical\" href=\"https:\/\/annesmatlador.se\/sv\/produkt\/oat-meal-1\/\" \/>\n<meta property=\"og:locale\" content=\"sv_SE\" \/>\n<meta property=\"og:type\" content=\"article\" \/>\n<meta property=\"og:title\" content=\"Oat Meal 1 - Annes Matl\u00e5dor\" \/>\n<meta property=\"og:description\" content=\"On the other hand we denounce with righteou indignation and dislike men who are so beguiled and demoralized by the charms of pleasure of the moment so blinded by desire\" \/>\n<meta property=\"og:url\" content=\"https:\/\/annesmatlador.se\/sv\/produkt\/oat-meal-1\/\" \/>\n<meta property=\"og:site_name\" content=\"Annes Matl\u00e5dor\" \/>\n<meta property=\"article:modified_time\" content=\"2024-07-25T09:53:25+00:00\" \/>\n<meta property=\"og:image\" content=\"https:\/\/annesmatlador.se\/wp-content\/uploads\/2024\/07\/Rectangle-2.png\" \/>\n\t<meta property=\"og:image:width\" content=\"584\" \/>\n\t<meta property=\"og:image:height\" content=\"584\" \/>\n\t<meta property=\"og:image:type\" content=\"image\/png\" \/>\n<meta name=\"twitter:card\" content=\"summary_large_image\" \/>\n<script type=\"application\/ld+json\" class=\"yoast-schema-graph\">{\"@context\":\"https:\/\/schema.org\",\"@graph\":[{\"@type\":\"WebPage\",\"@id\":\"https:\/\/annesmatlador.se\/product\/oat-meal-1\/\",\"url\":\"https:\/\/annesmatlador.se\/product\/oat-meal-1\/\",\"name\":\"Oat Meal 1 - Annes Matl\u00e5dor\",\"isPartOf\":{\"@id\":\"https:\/\/annesmatlador.se\/#website\"},\"primaryImageOfPage\":{\"@id\":\"https:\/\/annesmatlador.se\/product\/oat-meal-1\/#primaryimage\"},\"image\":{\"@id\":\"https:\/\/annesmatlador.se\/product\/oat-meal-1\/#primaryimage\"},\"thumbnailUrl\":\"https:\/\/annesmatlador.se\/wp-content\/uploads\/2024\/07\/Rectangle-2.png\",\"datePublished\":\"2024-07-17T11:10:12+00:00\",\"dateModified\":\"2024-07-25T09:53:25+00:00\",\"breadcrumb\":{\"@id\":\"https:\/\/annesmatlador.se\/product\/oat-meal-1\/#breadcrumb\"},\"inLanguage\":\"sv-SE\",\"potentialAction\":[{\"@type\":\"ReadAction\",\"target\":[\"https:\/\/annesmatlador.se\/product\/oat-meal-1\/\"]}]},{\"@type\":\"ImageObject\",\"inLanguage\":\"sv-SE\",\"@id\":\"https:\/\/annesmatlador.se\/product\/oat-meal-1\/#primaryimage\",\"url\":\"https:\/\/annesmatlador.se\/wp-content\/uploads\/2024\/07\/Rectangle-2.png\",\"contentUrl\":\"https:\/\/annesmatlador.se\/wp-content\/uploads\/2024\/07\/Rectangle-2.png\",\"width\":584,\"height\":584},{\"@type\":\"BreadcrumbList\",\"@id\":\"https:\/\/annesmatlador.se\/product\/oat-meal-1\/#breadcrumb\",\"itemListElement\":[{\"@type\":\"ListItem\",\"position\":1,\"name\":\"Home\",\"item\":\"https:\/\/annesmatlador.se\/\"},{\"@type\":\"ListItem\",\"position\":2,\"name\":\"Shop\",\"item\":\"https:\/\/annesmatlador.se\/shop\/\"},{\"@type\":\"ListItem\",\"position\":3,\"name\":\"Oat Meal 1\"}]},{\"@type\":\"WebSite\",\"@id\":\"https:\/\/annesmatlador.se\/#website\",\"url\":\"https:\/\/annesmatlador.se\/\",\"name\":\"Zaki\",\"description\":\"\u201cYour homely needs, just a click away\u201d\",\"publisher\":{\"@id\":\"https:\/\/annesmatlador.se\/#organization\"},\"potentialAction\":[{\"@type\":\"SearchAction\",\"target\":{\"@type\":\"EntryPoint\",\"urlTemplate\":\"https:\/\/annesmatlador.se\/?s={search_term_string}\"},\"query-input\":{\"@type\":\"PropertyValueSpecification\",\"valueRequired\":true,\"valueName\":\"search_term_string\"}}],\"inLanguage\":\"sv-SE\"},{\"@type\":\"Organization\",\"@id\":\"https:\/\/annesmatlador.se\/#organization\",\"name\":\"Zaki\",\"url\":\"https:\/\/annesmatlador.se\/\",\"logo\":{\"@type\":\"ImageObject\",\"inLanguage\":\"sv-SE\",\"@id\":\"https:\/\/annesmatlador.se\/#\/schema\/logo\/image\/\",\"url\":\"https:\/\/annesmatlador.se\/wp-content\/uploads\/2024\/07\/ANNES.png\",\"contentUrl\":\"https:\/\/annesmatlador.se\/wp-content\/uploads\/2024\/07\/ANNES.png\",\"width\":1462,\"height\":1621,\"caption\":\"Zaki\"},\"image\":{\"@id\":\"https:\/\/annesmatlador.se\/#\/schema\/logo\/image\/\"}}]}<\/script>\n<!-- \/ Yoast SEO plugin. -->","yoast_head_json":{"title":"Oat Meal 1 - Annes Matl\u00e5dor","robots":{"index":"index","follow":"follow","max-snippet":"max-snippet:-1","max-image-preview":"max-image-preview:large","max-video-preview":"max-video-preview:-1"},"canonical":"https:\/\/annesmatlador.se\/sv\/produkt\/oat-meal-1\/","og_locale":"sv_SE","og_type":"article","og_title":"Oat Meal 1 - Annes Matl\u00e5dor","og_description":"On the other hand we denounce with righteou indignation and dislike men who are so beguiled and demoralized by the charms of pleasure of the moment so blinded by desire","og_url":"https:\/\/annesmatlador.se\/sv\/produkt\/oat-meal-1\/","og_site_name":"Annes Matl\u00e5dor","article_modified_time":"2024-07-25T09:53:25+00:00","og_image":[{"width":584,"height":584,"url":"https:\/\/annesmatlador.se\/wp-content\/uploads\/2024\/07\/Rectangle-2.png","type":"image\/png"}],"twitter_card":"summary_large_image","schema":{"@context":"https:\/\/schema.org","@graph":[{"@type":"WebPage","@id":"https:\/\/annesmatlador.se\/product\/oat-meal-1\/","url":"https:\/\/annesmatlador.se\/product\/oat-meal-1\/","name":"Oat Meal 1 - Annes Matl\u00e5dor","isPartOf":{"@id":"https:\/\/annesmatlador.se\/#website"},"primaryImageOfPage":{"@id":"https:\/\/annesmatlador.se\/product\/oat-meal-1\/#primaryimage"},"image":{"@id":"https:\/\/annesmatlador.se\/product\/oat-meal-1\/#primaryimage"},"thumbnailUrl":"https:\/\/annesmatlador.se\/wp-content\/uploads\/2024\/07\/Rectangle-2.png","datePublished":"2024-07-17T11:10:12+00:00","dateModified":"2024-07-25T09:53:25+00:00","breadcrumb":{"@id":"https:\/\/annesmatlador.se\/product\/oat-meal-1\/#breadcrumb"},"inLanguage":"sv-SE","potentialAction":[{"@type":"ReadAction","target":["https:\/\/annesmatlador.se\/product\/oat-meal-1\/"]}]},{"@type":"ImageObject","inLanguage":"sv-SE","@id":"https:\/\/annesmatlador.se\/product\/oat-meal-1\/#primaryimage","url":"https:\/\/annesmatlador.se\/wp-content\/uploads\/2024\/07\/Rectangle-2.png","contentUrl":"https:\/\/annesmatlador.se\/wp-content\/uploads\/2024\/07\/Rectangle-2.png","width":584,"height":584},{"@type":"BreadcrumbList","@id":"https:\/\/annesmatlador.se\/product\/oat-meal-1\/#breadcrumb","itemListElement":[{"@type":"ListItem","position":1,"name":"Home","item":"https:\/\/annesmatlador.se\/"},{"@type":"ListItem","position":2,"name":"Shop","item":"https:\/\/annesmatlador.se\/shop\/"},{"@type":"ListItem","position":3,"name":"Oat Meal 1"}]},{"@type":"WebSite","@id":"https:\/\/annesmatlador.se\/#website","url":"https:\/\/annesmatlador.se\/","name":"Zaki","description":"\u201cYour homely needs, just a click away\u201d","publisher":{"@id":"https:\/\/annesmatlador.se\/#organization"},"potentialAction":[{"@type":"SearchAction","target":{"@type":"EntryPoint","urlTemplate":"https:\/\/annesmatlador.se\/?s={search_term_string}"},"query-input":{"@type":"PropertyValueSpecification","valueRequired":true,"valueName":"search_term_string"}}],"inLanguage":"sv-SE"},{"@type":"Organization","@id":"https:\/\/annesmatlador.se\/#organization","name":"Zaki","url":"https:\/\/annesmatlador.se\/","logo":{"@type":"ImageObject","inLanguage":"sv-SE","@id":"https:\/\/annesmatlador.se\/#\/schema\/logo\/image\/","url":"https:\/\/annesmatlador.se\/wp-content\/uploads\/2024\/07\/ANNES.png","contentUrl":"https:\/\/annesmatlador.se\/wp-content\/uploads\/2024\/07\/ANNES.png","width":1462,"height":1621,"caption":"Zaki"},"image":{"@id":"https:\/\/annesmatlador.se\/#\/schema\/logo\/image\/"}}]}},"_links":{"self":[{"href":"https:\/\/annesmatlador.se\/sv\/wp-json\/wp\/v2\/product\/176"}],"collection":[{"href":"https:\/\/annesmatlador.se\/sv\/wp-json\/wp\/v2\/product"}],"about":[{"href":"https:\/\/annesmatlador.se\/sv\/wp-json\/wp\/v2\/types\/product"}],"replies":[{"embeddable":true,"href":"https:\/\/annesmatlador.se\/sv\/wp-json\/wp\/v2\/comments?post=176"}],"wp:featuredmedia":[{"embeddable":true,"href":"https:\/\/annesmatlador.se\/sv\/wp-json\/wp\/v2\/media\/173"}],"wp:attachment":[{"href":"https:\/\/annesmatlador.se\/sv\/wp-json\/wp\/v2\/media?parent=176"}],"wp:term":[{"taxonomy":"product_cat","embeddable":true,"href":"https:\/\/annesmatlador.se\/sv\/wp-json\/wp\/v2\/product_cat?post=176"},{"taxonomy":"product_tag","embeddable":true,"href":"https:\/\/annesmatlador.se\/sv\/wp-json\/wp\/v2\/product_tag?post=176"},{"taxonomy":"days","embeddable":true,"href":"https:\/\/annesmatlador.se\/sv\/wp-json\/wp\/v2\/days?post=176"},{"taxonomy":"dish_type","embeddable":true,"href":"https:\/\/annesmatlador.se\/sv\/wp-json\/wp\/v2\/dish_type?post=176"}],"curies":[{"name":"wp","href":"https:\/\/api.w.org\/{rel}","templated":true}]}}