{"id":1621,"date":"2024-12-08T09:37:43","date_gmt":"2024-12-08T09:37:43","guid":{"rendered":"https:\/\/xn--annesmatldor-1cb.se\/?page_id=1621"},"modified":"2024-12-08T14:54:49","modified_gmt":"2024-12-08T14:54:49","slug":"corporate-customers","status":"publish","type":"page","link":"https:\/\/annesmatlador.se\/sv\/corporate-customers\/","title":{"rendered":"Corporate Customers"},"content":{"rendered":"<p>We Provide special services to our corporate customers. If it&#8217;s an event or single Lunch or dinner occasions for your employees. Don&#8217;t hesitate to give us a call on how we can Deliver delicious and Healthy meals for your company. Call us at 073 99 89 377 for an offer.<\/p>\n\n\n\n<p>Things we can do at the moment for your company.<\/p>\n\n\n\n<ol class=\"wp-block-list\">\n<li>Deliver lunches daily to your office. starting at 80 SEK\/meal<\/li>\n\n\n\n<li>Make a temporary buffe in the office for diverse occasions. 95 SEK\/person<\/li>\n\n\n\n<li>Deliver meals in big canteens where your employees take care of the setup and portions. 85 SEK\/meal.<\/li>\n\n\n\n<li>Deliver meals for single occasions from our daily menu. starting at 85 SEK\/meal.<\/li>\n<\/ol>\n\n\n\n<p>Remember to book or order in advance or just give us a call to see on how we can cooperate and make an event even more special.<\/p>\n\n\n\n<p>Looking forward to hearing from you. <\/p>\n\n\n\n<p><\/p>","protected":false},"excerpt":{"rendered":"<p>We Provide special services to our corporate customers. If it&#8217;s an event or single Lunch or dinner occasions for your employees. Don&#8217;t hesitate to give us a call on how we can Deliver delicious and Healthy meals for your company. Call us at 073 99 89 377 for an offer. Things we can do at [&hellip;]<\/p>","protected":false},"author":2,"featured_media":0,"parent":0,"menu_order":0,"comment_status":"closed","ping_status":"closed","template":"","meta":{"footnotes":""},"class_list":["post-1621","page","type-page","status-publish","hentry","entry","owp-thumbs-layout-vertical","owp-btn-normal","owp-tabs-layout-horizontal","has-no-thumbnails"],"acf":[],"yoast_head":"<!-- This site is optimized with the Yoast SEO plugin v23.4 - https:\/\/yoast.com\/wordpress\/plugins\/seo\/ -->\n<title>Corporate Customers - Annes Matl\u00e5dor<\/title>\n<meta name=\"robots\" content=\"index, follow, max-snippet:-1, max-image-preview:large, max-video-preview:-1\" \/>\n<link rel=\"canonical\" href=\"https:\/\/annesmatlador.se\/sv\/corporate-customers\/\" \/>\n<meta property=\"og:locale\" content=\"sv_SE\" \/>\n<meta property=\"og:type\" content=\"article\" \/>\n<meta property=\"og:title\" content=\"Corporate Customers - Annes Matl\u00e5dor\" \/>\n<meta property=\"og:description\" content=\"We Provide special services to our corporate customers. If it&#8217;s an event or single Lunch or dinner occasions for your employees. Don&#8217;t hesitate to give us a call on how we can Deliver delicious and Healthy meals for your company. Call us at 073 99 89 377 for an offer. Things we can do at [&hellip;]\" \/>\n<meta property=\"og:url\" content=\"https:\/\/annesmatlador.se\/sv\/corporate-customers\/\" \/>\n<meta property=\"og:site_name\" content=\"Annes Matl\u00e5dor\" \/>\n<meta property=\"article:modified_time\" content=\"2024-12-08T14:54:49+00:00\" \/>\n<meta name=\"twitter:card\" content=\"summary_large_image\" \/>\n<meta name=\"twitter:label1\" content=\"Ber\u00e4knad l\u00e4stid\" \/>\n\t<meta name=\"twitter:data1\" content=\"1 minut\" \/>\n<script type=\"application\/ld+json\" class=\"yoast-schema-graph\">{\"@context\":\"https:\/\/schema.org\",\"@graph\":[{\"@type\":\"WebPage\",\"@id\":\"https:\/\/annesmatlador.se\/corporate-customers\/\",\"url\":\"https:\/\/annesmatlador.se\/corporate-customers\/\",\"name\":\"Corporate Customers - Annes Matl\u00e5dor\",\"isPartOf\":{\"@id\":\"https:\/\/annesmatlador.se\/#website\"},\"datePublished\":\"2024-12-08T09:37:43+00:00\",\"dateModified\":\"2024-12-08T14:54:49+00:00\",\"breadcrumb\":{\"@id\":\"https:\/\/annesmatlador.se\/corporate-customers\/#breadcrumb\"},\"inLanguage\":\"sv-SE\",\"potentialAction\":[{\"@type\":\"ReadAction\",\"target\":[\"https:\/\/annesmatlador.se\/corporate-customers\/\"]}]},{\"@type\":\"BreadcrumbList\",\"@id\":\"https:\/\/annesmatlador.se\/corporate-customers\/#breadcrumb\",\"itemListElement\":[{\"@type\":\"ListItem\",\"position\":1,\"name\":\"Home\",\"item\":\"https:\/\/annesmatlador.se\/\"},{\"@type\":\"ListItem\",\"position\":2,\"name\":\"Corporate Customers\"}]},{\"@type\":\"WebSite\",\"@id\":\"https:\/\/annesmatlador.se\/#website\",\"url\":\"https:\/\/annesmatlador.se\/\",\"name\":\"Zaki\",\"description\":\"\u201cYour homely needs, just a click away\u201d\",\"publisher\":{\"@id\":\"https:\/\/annesmatlador.se\/#organization\"},\"potentialAction\":[{\"@type\":\"SearchAction\",\"target\":{\"@type\":\"EntryPoint\",\"urlTemplate\":\"https:\/\/annesmatlador.se\/?s={search_term_string}\"},\"query-input\":{\"@type\":\"PropertyValueSpecification\",\"valueRequired\":true,\"valueName\":\"search_term_string\"}}],\"inLanguage\":\"sv-SE\"},{\"@type\":\"Organization\",\"@id\":\"https:\/\/annesmatlador.se\/#organization\",\"name\":\"Zaki\",\"url\":\"https:\/\/annesmatlador.se\/\",\"logo\":{\"@type\":\"ImageObject\",\"inLanguage\":\"sv-SE\",\"@id\":\"https:\/\/annesmatlador.se\/#\/schema\/logo\/image\/\",\"url\":\"https:\/\/annesmatlador.se\/wp-content\/uploads\/2024\/07\/ANNES.png\",\"contentUrl\":\"https:\/\/annesmatlador.se\/wp-content\/uploads\/2024\/07\/ANNES.png\",\"width\":1462,\"height\":1621,\"caption\":\"Zaki\"},\"image\":{\"@id\":\"https:\/\/annesmatlador.se\/#\/schema\/logo\/image\/\"}}]}<\/script>\n<!-- \/ Yoast SEO plugin. -->","yoast_head_json":{"title":"Corporate Customers - Annes Matl\u00e5dor","robots":{"index":"index","follow":"follow","max-snippet":"max-snippet:-1","max-image-preview":"max-image-preview:large","max-video-preview":"max-video-preview:-1"},"canonical":"https:\/\/annesmatlador.se\/sv\/corporate-customers\/","og_locale":"sv_SE","og_type":"article","og_title":"Corporate Customers - Annes Matl\u00e5dor","og_description":"We Provide special services to our corporate customers. If it&#8217;s an event or single Lunch or dinner occasions for your employees. Don&#8217;t hesitate to give us a call on how we can Deliver delicious and Healthy meals for your company. Call us at 073 99 89 377 for an offer. Things we can do at [&hellip;]","og_url":"https:\/\/annesmatlador.se\/sv\/corporate-customers\/","og_site_name":"Annes Matl\u00e5dor","article_modified_time":"2024-12-08T14:54:49+00:00","twitter_card":"summary_large_image","twitter_misc":{"Ber\u00e4knad l\u00e4stid":"1 minut"},"schema":{"@context":"https:\/\/schema.org","@graph":[{"@type":"WebPage","@id":"https:\/\/annesmatlador.se\/corporate-customers\/","url":"https:\/\/annesmatlador.se\/corporate-customers\/","name":"Corporate Customers - Annes Matl\u00e5dor","isPartOf":{"@id":"https:\/\/annesmatlador.se\/#website"},"datePublished":"2024-12-08T09:37:43+00:00","dateModified":"2024-12-08T14:54:49+00:00","breadcrumb":{"@id":"https:\/\/annesmatlador.se\/corporate-customers\/#breadcrumb"},"inLanguage":"sv-SE","potentialAction":[{"@type":"ReadAction","target":["https:\/\/annesmatlador.se\/corporate-customers\/"]}]},{"@type":"BreadcrumbList","@id":"https:\/\/annesmatlador.se\/corporate-customers\/#breadcrumb","itemListElement":[{"@type":"ListItem","position":1,"name":"Home","item":"https:\/\/annesmatlador.se\/"},{"@type":"ListItem","position":2,"name":"Corporate Customers"}]},{"@type":"WebSite","@id":"https:\/\/annesmatlador.se\/#website","url":"https:\/\/annesmatlador.se\/","name":"Zaki","description":"\u201cYour homely needs, just a click away\u201d","publisher":{"@id":"https:\/\/annesmatlador.se\/#organization"},"potentialAction":[{"@type":"SearchAction","target":{"@type":"EntryPoint","urlTemplate":"https:\/\/annesmatlador.se\/?s={search_term_string}"},"query-input":{"@type":"PropertyValueSpecification","valueRequired":true,"valueName":"search_term_string"}}],"inLanguage":"sv-SE"},{"@type":"Organization","@id":"https:\/\/annesmatlador.se\/#organization","name":"Zaki","url":"https:\/\/annesmatlador.se\/","logo":{"@type":"ImageObject","inLanguage":"sv-SE","@id":"https:\/\/annesmatlador.se\/#\/schema\/logo\/image\/","url":"https:\/\/annesmatlador.se\/wp-content\/uploads\/2024\/07\/ANNES.png","contentUrl":"https:\/\/annesmatlador.se\/wp-content\/uploads\/2024\/07\/ANNES.png","width":1462,"height":1621,"caption":"Zaki"},"image":{"@id":"https:\/\/annesmatlador.se\/#\/schema\/logo\/image\/"}}]}},"_links":{"self":[{"href":"https:\/\/annesmatlador.se\/sv\/wp-json\/wp\/v2\/pages\/1621"}],"collection":[{"href":"https:\/\/annesmatlador.se\/sv\/wp-json\/wp\/v2\/pages"}],"about":[{"href":"https:\/\/annesmatlador.se\/sv\/wp-json\/wp\/v2\/types\/page"}],"author":[{"embeddable":true,"href":"https:\/\/annesmatlador.se\/sv\/wp-json\/wp\/v2\/users\/2"}],"replies":[{"embeddable":true,"href":"https:\/\/annesmatlador.se\/sv\/wp-json\/wp\/v2\/comments?post=1621"}],"version-history":[{"count":3,"href":"https:\/\/annesmatlador.se\/sv\/wp-json\/wp\/v2\/pages\/1621\/revisions"}],"predecessor-version":[{"id":1633,"href":"https:\/\/annesmatlador.se\/sv\/wp-json\/wp\/v2\/pages\/1621\/revisions\/1633"}],"wp:attachment":[{"href":"https:\/\/annesmatlador.se\/sv\/wp-json\/wp\/v2\/media?parent=1621"}],"curies":[{"name":"wp","href":"https:\/\/api.w.org\/{rel}","templated":true}]}}