{"id":124,"date":"2024-07-09T10:22:20","date_gmt":"2024-07-09T10:22:20","guid":{"rendered":"https:\/\/truelogicsoft.com\/zaki\/?page_id=124"},"modified":"2025-05-09T08:58:51","modified_gmt":"2025-05-09T08:58:51","slug":"home","status":"publish","type":"page","link":"https:\/\/annesmatlador.se\/sv\/","title":{"rendered":"Hem"},"content":{"rendered":"","protected":false},"excerpt":{"rendered":"","protected":false},"author":1,"featured_media":0,"parent":0,"menu_order":0,"comment_status":"closed","ping_status":"closed","template":"templates\/homepage.php","meta":{"footnotes":""},"class_list":["post-124","page","type-page","status-publish","hentry","entry","owp-thumbs-layout-vertical","owp-btn-normal","owp-tabs-layout-horizontal","has-no-thumbnails"],"acf":[],"yoast_head":"<!-- This site is optimized with the Yoast SEO plugin v23.4 - https:\/\/yoast.com\/wordpress\/plugins\/seo\/ -->\n<title>H\u00e4lsosam Matleverans: F\u00e4rdiglagad, nyttigt &amp; Ekologisk<\/title>\n<meta name=\"description\" content=\"F\u00e5 f\u00e4rdiglagad, h\u00e4lsosam och ekologisk mat levererad direkt hem. Vi erbjuder goda m\u00e5ltider, specialkost, balanserad kost och anpassade alternativ.\" \/>\n<meta name=\"robots\" content=\"index, follow, max-snippet:-1, max-image-preview:large, max-video-preview:-1\" \/>\n<link rel=\"canonical\" href=\"https:\/\/annesmatlador.se\/sv\/\" \/>\n<meta property=\"og:locale\" content=\"sv_SE\" \/>\n<meta property=\"og:type\" content=\"article\" \/>\n<meta property=\"og:title\" content=\"H\u00e4lsosam Matleverans: F\u00e4rdiglagad, nyttigt &amp; Ekologisk\" \/>\n<meta property=\"og:description\" content=\"F\u00e5 f\u00e4rdiglagad, h\u00e4lsosam och ekologisk mat levererad direkt hem. Vi erbjuder goda m\u00e5ltider, specialkost, balanserad kost och anpassade alternativ.\" \/>\n<meta property=\"og:url\" content=\"https:\/\/annesmatlador.se\/sv\/\" \/>\n<meta property=\"og:site_name\" content=\"Annes Matl\u00e5dor\" \/>\n<meta property=\"article:modified_time\" content=\"2025-05-09T08:58:51+00:00\" \/>\n<meta name=\"twitter:card\" content=\"summary_large_image\" \/>\n<script type=\"application\/ld+json\" class=\"yoast-schema-graph\">{\"@context\":\"https:\/\/schema.org\",\"@graph\":[{\"@type\":\"WebPage\",\"@id\":\"https:\/\/annesmatlador.se\/\",\"url\":\"https:\/\/annesmatlador.se\/\",\"name\":\"H\u00e4lsosam Matleverans: F\u00e4rdiglagad, nyttigt & Ekologisk\",\"isPartOf\":{\"@id\":\"https:\/\/annesmatlador.se\/#website\"},\"datePublished\":\"2024-07-09T10:22:20+00:00\",\"dateModified\":\"2025-05-09T08:58:51+00:00\",\"description\":\"F\u00e5 f\u00e4rdiglagad, h\u00e4lsosam och ekologisk mat levererad direkt hem. Vi erbjuder goda m\u00e5ltider, specialkost, balanserad kost och anpassade alternativ.\",\"breadcrumb\":{\"@id\":\"https:\/\/annesmatlador.se\/#breadcrumb\"},\"inLanguage\":\"sv-SE\",\"potentialAction\":[{\"@type\":\"ReadAction\",\"target\":[\"https:\/\/annesmatlador.se\/\"]}]},{\"@type\":\"BreadcrumbList\",\"@id\":\"https:\/\/annesmatlador.se\/#breadcrumb\",\"itemListElement\":[{\"@type\":\"ListItem\",\"position\":1,\"name\":\"Home\",\"item\":\"https:\/\/annesmatlador.se\/\"},{\"@type\":\"ListItem\",\"position\":2,\"name\":\"Home\"}]},{\"@type\":\"WebSite\",\"@id\":\"https:\/\/annesmatlador.se\/#website\",\"url\":\"https:\/\/annesmatlador.se\/\",\"name\":\"Zaki\",\"description\":\"\u201cYour homely needs, just a click away\u201d\",\"publisher\":{\"@id\":\"https:\/\/annesmatlador.se\/#organization\"},\"potentialAction\":[{\"@type\":\"SearchAction\",\"target\":{\"@type\":\"EntryPoint\",\"urlTemplate\":\"https:\/\/annesmatlador.se\/?s={search_term_string}\"},\"query-input\":{\"@type\":\"PropertyValueSpecification\",\"valueRequired\":true,\"valueName\":\"search_term_string\"}}],\"inLanguage\":\"sv-SE\"},{\"@type\":\"Organization\",\"@id\":\"https:\/\/annesmatlador.se\/#organization\",\"name\":\"Zaki\",\"url\":\"https:\/\/annesmatlador.se\/\",\"logo\":{\"@type\":\"ImageObject\",\"inLanguage\":\"sv-SE\",\"@id\":\"https:\/\/annesmatlador.se\/#\/schema\/logo\/image\/\",\"url\":\"https:\/\/annesmatlador.se\/wp-content\/uploads\/2024\/07\/ANNES.png\",\"contentUrl\":\"https:\/\/annesmatlador.se\/wp-content\/uploads\/2024\/07\/ANNES.png\",\"width\":1462,\"height\":1621,\"caption\":\"Zaki\"},\"image\":{\"@id\":\"https:\/\/annesmatlador.se\/#\/schema\/logo\/image\/\"}}]}<\/script>\n<!-- \/ Yoast SEO plugin. -->","yoast_head_json":{"title":"H\u00e4lsosam Matleverans: F\u00e4rdiglagad, nyttigt & Ekologisk","description":"F\u00e5 f\u00e4rdiglagad, h\u00e4lsosam och ekologisk mat levererad direkt hem. Vi erbjuder goda m\u00e5ltider, specialkost, balanserad kost och anpassade alternativ.","robots":{"index":"index","follow":"follow","max-snippet":"max-snippet:-1","max-image-preview":"max-image-preview:large","max-video-preview":"max-video-preview:-1"},"canonical":"https:\/\/annesmatlador.se\/sv\/","og_locale":"sv_SE","og_type":"article","og_title":"H\u00e4lsosam Matleverans: F\u00e4rdiglagad, nyttigt & Ekologisk","og_description":"F\u00e5 f\u00e4rdiglagad, h\u00e4lsosam och ekologisk mat levererad direkt hem. Vi erbjuder goda m\u00e5ltider, specialkost, balanserad kost och anpassade alternativ.","og_url":"https:\/\/annesmatlador.se\/sv\/","og_site_name":"Annes Matl\u00e5dor","article_modified_time":"2025-05-09T08:58:51+00:00","twitter_card":"summary_large_image","schema":{"@context":"https:\/\/schema.org","@graph":[{"@type":"WebPage","@id":"https:\/\/annesmatlador.se\/","url":"https:\/\/annesmatlador.se\/","name":"H\u00e4lsosam Matleverans: F\u00e4rdiglagad, nyttigt & Ekologisk","isPartOf":{"@id":"https:\/\/annesmatlador.se\/#website"},"datePublished":"2024-07-09T10:22:20+00:00","dateModified":"2025-05-09T08:58:51+00:00","description":"F\u00e5 f\u00e4rdiglagad, h\u00e4lsosam och ekologisk mat levererad direkt hem. Vi erbjuder goda m\u00e5ltider, specialkost, balanserad kost och anpassade alternativ.","breadcrumb":{"@id":"https:\/\/annesmatlador.se\/#breadcrumb"},"inLanguage":"sv-SE","potentialAction":[{"@type":"ReadAction","target":["https:\/\/annesmatlador.se\/"]}]},{"@type":"BreadcrumbList","@id":"https:\/\/annesmatlador.se\/#breadcrumb","itemListElement":[{"@type":"ListItem","position":1,"name":"Home","item":"https:\/\/annesmatlador.se\/"},{"@type":"ListItem","position":2,"name":"Home"}]},{"@type":"WebSite","@id":"https:\/\/annesmatlador.se\/#website","url":"https:\/\/annesmatlador.se\/","name":"Zaki","description":"\u201cYour homely needs, just a click away\u201d","publisher":{"@id":"https:\/\/annesmatlador.se\/#organization"},"potentialAction":[{"@type":"SearchAction","target":{"@type":"EntryPoint","urlTemplate":"https:\/\/annesmatlador.se\/?s={search_term_string}"},"query-input":{"@type":"PropertyValueSpecification","valueRequired":true,"valueName":"search_term_string"}}],"inLanguage":"sv-SE"},{"@type":"Organization","@id":"https:\/\/annesmatlador.se\/#organization","name":"Zaki","url":"https:\/\/annesmatlador.se\/","logo":{"@type":"ImageObject","inLanguage":"sv-SE","@id":"https:\/\/annesmatlador.se\/#\/schema\/logo\/image\/","url":"https:\/\/annesmatlador.se\/wp-content\/uploads\/2024\/07\/ANNES.png","contentUrl":"https:\/\/annesmatlador.se\/wp-content\/uploads\/2024\/07\/ANNES.png","width":1462,"height":1621,"caption":"Zaki"},"image":{"@id":"https:\/\/annesmatlador.se\/#\/schema\/logo\/image\/"}}]}},"_links":{"self":[{"href":"https:\/\/annesmatlador.se\/sv\/wp-json\/wp\/v2\/pages\/124"}],"collection":[{"href":"https:\/\/annesmatlador.se\/sv\/wp-json\/wp\/v2\/pages"}],"about":[{"href":"https:\/\/annesmatlador.se\/sv\/wp-json\/wp\/v2\/types\/page"}],"author":[{"embeddable":true,"href":"https:\/\/annesmatlador.se\/sv\/wp-json\/wp\/v2\/users\/1"}],"replies":[{"embeddable":true,"href":"https:\/\/annesmatlador.se\/sv\/wp-json\/wp\/v2\/comments?post=124"}],"version-history":[{"count":59,"href":"https:\/\/annesmatlador.se\/sv\/wp-json\/wp\/v2\/pages\/124\/revisions"}],"predecessor-version":[{"id":1715,"href":"https:\/\/annesmatlador.se\/sv\/wp-json\/wp\/v2\/pages\/124\/revisions\/1715"}],"wp:attachment":[{"href":"https:\/\/annesmatlador.se\/sv\/wp-json\/wp\/v2\/media?parent=124"}],"curies":[{"name":"wp","href":"https:\/\/api.w.org\/{rel}","templated":true}]}}